{"id":1929,"date":"2018-03-10T07:08:33","date_gmt":"2018-03-10T07:08:33","guid":{"rendered":"http:\/\/montrealfurnacefilters.com\/product\/10x20x1-pleated-filter\/"},"modified":"2018-08-13T02:38:52","modified_gmt":"2018-08-13T02:38:52","slug":"10x20x1-filtre-a-air-plisse","status":"publish","type":"product","link":"https:\/\/www.entreprisebair.ca\/fr\/produit\/10x20x1-filtre-a-air-plisse\/","title":{"rendered":"10 X 20 X 1 Filtre \u00e0 Air Pliss\u00e9 &#8211; Paquet de 12"},"content":{"rendered":"<p><strong>Con\u00e7u pour une filtration Sup\u00e9rieure et \u00c9<\/strong><b>fficace.<\/b><\/p>\n<p>Construit avec un mat\u00e9riel synth\u00e9tique et \u00e9lectrostatique qui attire et capture les allerg\u00e8nes entre 3-100 microns, incluant les charpies, peluches et pollen.<\/p>\n<p><strong>Am\u00e9liore la qualit\u00e9 de l&#8217;air ambiant.<\/strong><\/p>\n<p>Prot\u00e8ge votre famille et vos amis en offrant de l&#8217;air de qualit\u00e9 sup\u00e9rieur. Les filtres A\u00e9rostar sont facile d&#8217;utilisation, \u00e9conomique, offre un environment sain sans allerg\u00e8ne et particule qui peuvent causer et d\u00e9clencher des reactions allerg\u00e8nes et de l&#8217;asthme.<\/p>\n<p><strong>Efficacit\u00e9 am\u00e9lior\u00e9 et\u00a0fonctionnement\u00a0\u00c9conomique<\/strong><\/p>\n<p>Un filtre \u00e0 air Aerostar aide votre syst\u00e8me CVAC \u00e0 fonctionner de fa\u00e7on efficace en \u00e9liminant les d\u00e9bris et en r\u00e9duisant les contraintes sur le moteur. Quand votre unit\u00e9 fonctionne de fa\u00e7on optimale, elle consomme moins d&#8217;\u00e9nergie, requi\u00e8re moins d&#8217;entretien et par cons\u00e9quent a une plus langue dur\u00e9e de vie. Ces facteurs ont un impact sur vos co\u00fbts de fonctionnement et d&#8217;entretiens. Il est recommand\u00e9 de changer votre filtre tous les 60 \u00e0 90 jours, sauf durant les p\u00e9riodes de chaleur et de froid intense o\u00f9 un remplacement aux 30 jours est pr\u00e9f\u00e9rable d\u00fb au fonctionnement accru de votre syst\u00e8me.<\/p>\n<p>&nbsp;<\/p>\n<p><strong>\u00c0 propos des filtres \u00e0 air Aerostar<\/strong><\/p>\n<p>Les filtres Aerostar sont fabriqu\u00e9 aux \u00c9tats-Unis par Filtration Group, un fabricant et distributeur de renomm\u00e9 mondiale dans la filtration r\u00e9sidentielle, commerciale et industrielle. La marque Aerostar est reconnue pour \u00eatre en constante innovation et am\u00e9liore la technologie de ses produits dans le but de rendre la filtration de l&#8217;air plus performante, efficace et en respect avec l&#8217;environnement.<\/p>\n<p><strong>\u00c0 propos des\u00a0appellations MERV, MPR et FPR\u00a0<\/strong><\/p>\n<p>Les trois appellations ont \u00e9t\u00e9 cr\u00e9\u00e9 par diff\u00e9rentes organisations. MERV est \u00e0 l&#8217;\u00e9chelle domestique et internationale et a \u00e9t\u00e9 d\u00e9termin\u00e9 par \u00a0la Soci\u00e9t\u00e9 Am\u00e9ricaine de Ing\u00e9nieurs en Chauffage, R\u00e9frig\u00e9ration et Air Climatis\u00e9. Les deux autres appelations ont \u00e9t\u00e9 cr\u00e9\u00e9 par les compagnie 3M et HomeDepot, mais ils d\u00e9crivent les m\u00eame filtres.<\/p>\n<p><strong>MERV Rating (Minimum Efficiency Reporting Value)<\/strong>: Comme vous le savez maintenant, l&#8217;appellation MERV est utilis\u00e9 partout dans l&#8217;industrie, \u00e0 l&#8217;\u00e9ch\u00e8le domestique et internationale. D\u00e9termin\u00e9 par \u00a0la Soci\u00e9t\u00e9 Am\u00e9ricaine de Ing\u00e9nieurs en Chauffage, R\u00e9frig\u00e9ration et Air Climatis\u00e9 , les filtres MERV ont la capacit\u00e9 de capturer et retenir les particules et polluants.<\/p>\n<p><strong>MPR (Micro-Particle Performance Rating)<\/strong>: L&#8217;appellation MPR a \u00e9t\u00e9 d\u00e9velopp\u00e9 par 3M. Elle determine l&#8217;abilit\u00e9 de leur produit Filtrete de capturer des particules dans l&#8217;air de taille inf\u00e9rieure \u00e0 1 micron.<\/p>\n<p><strong>Ce que vous obtenez<\/strong><\/p>\n<p>Une boite de 6 filtres \u00e0 air de fibres de verre Aerostar \u00a0MERV 6. \u00a0Ces filtres sont comparable au MPR 300.<\/p>\n","protected":false},"excerpt":{"rendered":"<p><strong>Con\u00e7u pour une filtration Sup\u00e9rieure et \u00c9<\/strong><b>fficace.<\/b><\/p>\n<p>Construit avec un mat\u00e9riel synth\u00e9tique et \u00e9lectrostatique qui attire et capture les allerg\u00e8nes entre 3-100 microns, incluant les charpies, peluches et pollen.<\/p>\n","protected":false},"featured_media":1050,"template":"","meta":{"nf_dc_page":"","om_disable_all_campaigns":false,"_exactmetrics_skip_tracking":false,"_exactmetrics_sitenote_active":false,"_exactmetrics_sitenote_note":"","_exactmetrics_sitenote_category":0,"jetpack_post_was_ever_published":false},"product_brand":[],"product_cat":[123],"product_tag":[124,176,121],"class_list":{"0":"post-1929","1":"product","2":"type-product","3":"status-publish","4":"has-post-thumbnail","6":"product_cat-1-pouce-filtres","7":"product_tag-1-in-fr","8":"product_tag-10-x-20-x-1-fr","9":"product_tag-furnace-filter-fr","11":"first","12":"instock","13":"featured","14":"taxable","15":"shipping-taxable","16":"product-type-simple"},"yoast_head":"<!-- This site is optimized with the Yoast SEO plugin v27.4 - https:\/\/yoast.com\/product\/yoast-seo-wordpress\/ -->\n<title>10 X 20 X 1 Filtre \u00e0 Air Pliss\u00e9 - Paquet de 12 - Entreprise B.Air<\/title>\n<meta name=\"description\" content=\"Con\u00e7u pour une filtration Sup\u00e9rieure et \u00c9fficace.  Construit avec un mat\u00e9riel synth\u00e9tique et \u00e9lectrostatique qui attire et capture les allerg\u00e8nes entre 3-100 microns, incluant les charpies, peluches et pollen.\" \/>\n<meta name=\"robots\" content=\"index, follow, max-snippet:-1, max-image-preview:large, max-video-preview:-1\" \/>\n<link rel=\"canonical\" href=\"https:\/\/www.entreprisebair.ca\/fr\/produit\/10x20x1-filtre-a-air-plisse\/\" \/>\n<meta property=\"og:locale\" content=\"fr_FR\" \/>\n<meta property=\"og:type\" content=\"article\" \/>\n<meta property=\"og:title\" content=\"10 X 20 X 1 Filtre \u00e0 Air Pliss\u00e9 - Paquet de 12 - Entreprise B.Air\" \/>\n<meta property=\"og:description\" content=\"Con\u00e7u pour une filtration Sup\u00e9rieure et \u00c9fficace.  Construit avec un mat\u00e9riel synth\u00e9tique et \u00e9lectrostatique qui attire et capture les allerg\u00e8nes entre 3-100 microns, incluant les charpies, peluches et pollen.\" \/>\n<meta property=\"og:url\" content=\"https:\/\/www.entreprisebair.ca\/fr\/produit\/10x20x1-filtre-a-air-plisse\/\" \/>\n<meta property=\"og:site_name\" content=\"Entreprise B.Air\" \/>\n<meta property=\"article:publisher\" content=\"https:\/\/www.facebook.com\/b.air.enterprise\/\" \/>\n<meta property=\"article:modified_time\" content=\"2018-08-13T02:38:52+00:00\" \/>\n<meta property=\"og:image\" content=\"https:\/\/www.entreprisebair.ca\/wp-content\/uploads\/2018\/03\/10x20x1_6pack.png\" \/>\n\t<meta property=\"og:image:width\" content=\"720\" \/>\n\t<meta property=\"og:image:height\" content=\"720\" \/>\n\t<meta property=\"og:image:type\" content=\"image\/png\" \/>\n<meta name=\"twitter:card\" content=\"summary_large_image\" \/>\n<meta name=\"twitter:label1\" content=\"Dur\u00e9e de lecture estim\u00e9e\" \/>\n\t<meta name=\"twitter:data1\" content=\"2 minutes\" \/>\n<script type=\"application\/ld+json\" class=\"yoast-schema-graph\">{\"@context\":\"https:\\\/\\\/schema.org\",\"@graph\":[{\"@type\":\"WebPage\",\"@id\":\"https:\\\/\\\/www.entreprisebair.ca\\\/fr\\\/produit\\\/10x20x1-filtre-a-air-plisse\\\/\",\"url\":\"https:\\\/\\\/www.entreprisebair.ca\\\/fr\\\/produit\\\/10x20x1-filtre-a-air-plisse\\\/\",\"name\":\"10 X 20 X 1 Filtre \u00e0 Air Pliss\u00e9 - Paquet de 12 - Entreprise B.Air\",\"isPartOf\":{\"@id\":\"https:\\\/\\\/www.entreprisebair.ca\\\/fr\\\/#website\"},\"primaryImageOfPage\":{\"@id\":\"https:\\\/\\\/www.entreprisebair.ca\\\/fr\\\/produit\\\/10x20x1-filtre-a-air-plisse\\\/#primaryimage\"},\"image\":{\"@id\":\"https:\\\/\\\/www.entreprisebair.ca\\\/fr\\\/produit\\\/10x20x1-filtre-a-air-plisse\\\/#primaryimage\"},\"thumbnailUrl\":\"https:\\\/\\\/i0.wp.com\\\/www.entreprisebair.ca\\\/wp-content\\\/uploads\\\/2018\\\/03\\\/10x20x1_6pack.png?fit=720%2C720&ssl=1\",\"datePublished\":\"2018-03-10T07:08:33+00:00\",\"dateModified\":\"2018-08-13T02:38:52+00:00\",\"description\":\"Con\u00e7u pour une filtration Sup\u00e9rieure et \u00c9fficace. Construit avec un mat\u00e9riel synth\u00e9tique et \u00e9lectrostatique qui attire et capture les allerg\u00e8nes entre 3-100 microns, incluant les charpies, peluches et pollen.\",\"breadcrumb\":{\"@id\":\"https:\\\/\\\/www.entreprisebair.ca\\\/fr\\\/produit\\\/10x20x1-filtre-a-air-plisse\\\/#breadcrumb\"},\"inLanguage\":\"fr-FR\",\"potentialAction\":[{\"@type\":\"ReadAction\",\"target\":[\"https:\\\/\\\/www.entreprisebair.ca\\\/fr\\\/produit\\\/10x20x1-filtre-a-air-plisse\\\/\"]}]},{\"@type\":\"ImageObject\",\"inLanguage\":\"fr-FR\",\"@id\":\"https:\\\/\\\/www.entreprisebair.ca\\\/fr\\\/produit\\\/10x20x1-filtre-a-air-plisse\\\/#primaryimage\",\"url\":\"https:\\\/\\\/i0.wp.com\\\/www.entreprisebair.ca\\\/wp-content\\\/uploads\\\/2018\\\/03\\\/10x20x1_6pack.png?fit=720%2C720&ssl=1\",\"contentUrl\":\"https:\\\/\\\/i0.wp.com\\\/www.entreprisebair.ca\\\/wp-content\\\/uploads\\\/2018\\\/03\\\/10x20x1_6pack.png?fit=720%2C720&ssl=1\",\"width\":720,\"height\":720},{\"@type\":\"BreadcrumbList\",\"@id\":\"https:\\\/\\\/www.entreprisebair.ca\\\/fr\\\/produit\\\/10x20x1-filtre-a-air-plisse\\\/#breadcrumb\",\"itemListElement\":[{\"@type\":\"ListItem\",\"position\":1,\"name\":\"Home\",\"item\":\"https:\\\/\\\/www.entreprisebair.ca\\\/fr\\\/\"},{\"@type\":\"ListItem\",\"position\":2,\"name\":\"Magasiner les filtres\",\"item\":\"https:\\\/\\\/www.entreprisebair.ca\\\/fr\\\/filtres\\\/\"},{\"@type\":\"ListItem\",\"position\":3,\"name\":\"10 X 20 X 1 Filtre \u00e0 Air Pliss\u00e9 &#8211; Paquet de 12\"}]},{\"@type\":\"WebSite\",\"@id\":\"https:\\\/\\\/www.entreprisebair.ca\\\/fr\\\/#website\",\"url\":\"https:\\\/\\\/www.entreprisebair.ca\\\/fr\\\/\",\"name\":\"https:\\\/\\\/www.entreprisebair.ca\\\/\",\"description\":\"Heating and Air Conditioning Systems in Montreal and West Island\",\"potentialAction\":[{\"@type\":\"SearchAction\",\"target\":{\"@type\":\"EntryPoint\",\"urlTemplate\":\"https:\\\/\\\/www.entreprisebair.ca\\\/fr\\\/?s={search_term_string}\"},\"query-input\":{\"@type\":\"PropertyValueSpecification\",\"valueRequired\":true,\"valueName\":\"search_term_string\"}}],\"inLanguage\":\"fr-FR\"}]}<\/script>\n<!-- \/ Yoast SEO plugin. -->","yoast_head_json":{"title":"10 X 20 X 1 Filtre \u00e0 Air Pliss\u00e9 - Paquet de 12 - Entreprise B.Air","description":"Con\u00e7u pour une filtration Sup\u00e9rieure et \u00c9fficace.  Construit avec un mat\u00e9riel synth\u00e9tique et \u00e9lectrostatique qui attire et capture les allerg\u00e8nes entre 3-100 microns, incluant les charpies, peluches et pollen.","robots":{"index":"index","follow":"follow","max-snippet":"max-snippet:-1","max-image-preview":"max-image-preview:large","max-video-preview":"max-video-preview:-1"},"canonical":"https:\/\/www.entreprisebair.ca\/fr\/produit\/10x20x1-filtre-a-air-plisse\/","og_locale":"fr_FR","og_type":"article","og_title":"10 X 20 X 1 Filtre \u00e0 Air Pliss\u00e9 - Paquet de 12 - Entreprise B.Air","og_description":"Con\u00e7u pour une filtration Sup\u00e9rieure et \u00c9fficace.  Construit avec un mat\u00e9riel synth\u00e9tique et \u00e9lectrostatique qui attire et capture les allerg\u00e8nes entre 3-100 microns, incluant les charpies, peluches et pollen.","og_url":"https:\/\/www.entreprisebair.ca\/fr\/produit\/10x20x1-filtre-a-air-plisse\/","og_site_name":"Entreprise B.Air","article_publisher":"https:\/\/www.facebook.com\/b.air.enterprise\/","article_modified_time":"2018-08-13T02:38:52+00:00","og_image":[{"width":720,"height":720,"url":"https:\/\/www.entreprisebair.ca\/wp-content\/uploads\/2018\/03\/10x20x1_6pack.png","type":"image\/png"}],"twitter_card":"summary_large_image","twitter_misc":{"Dur\u00e9e de lecture estim\u00e9e":"2 minutes"},"schema":{"@context":"https:\/\/schema.org","@graph":[{"@type":"WebPage","@id":"https:\/\/www.entreprisebair.ca\/fr\/produit\/10x20x1-filtre-a-air-plisse\/","url":"https:\/\/www.entreprisebair.ca\/fr\/produit\/10x20x1-filtre-a-air-plisse\/","name":"10 X 20 X 1 Filtre \u00e0 Air Pliss\u00e9 - Paquet de 12 - Entreprise B.Air","isPartOf":{"@id":"https:\/\/www.entreprisebair.ca\/fr\/#website"},"primaryImageOfPage":{"@id":"https:\/\/www.entreprisebair.ca\/fr\/produit\/10x20x1-filtre-a-air-plisse\/#primaryimage"},"image":{"@id":"https:\/\/www.entreprisebair.ca\/fr\/produit\/10x20x1-filtre-a-air-plisse\/#primaryimage"},"thumbnailUrl":"https:\/\/i0.wp.com\/www.entreprisebair.ca\/wp-content\/uploads\/2018\/03\/10x20x1_6pack.png?fit=720%2C720&ssl=1","datePublished":"2018-03-10T07:08:33+00:00","dateModified":"2018-08-13T02:38:52+00:00","description":"Con\u00e7u pour une filtration Sup\u00e9rieure et \u00c9fficace. Construit avec un mat\u00e9riel synth\u00e9tique et \u00e9lectrostatique qui attire et capture les allerg\u00e8nes entre 3-100 microns, incluant les charpies, peluches et pollen.","breadcrumb":{"@id":"https:\/\/www.entreprisebair.ca\/fr\/produit\/10x20x1-filtre-a-air-plisse\/#breadcrumb"},"inLanguage":"fr-FR","potentialAction":[{"@type":"ReadAction","target":["https:\/\/www.entreprisebair.ca\/fr\/produit\/10x20x1-filtre-a-air-plisse\/"]}]},{"@type":"ImageObject","inLanguage":"fr-FR","@id":"https:\/\/www.entreprisebair.ca\/fr\/produit\/10x20x1-filtre-a-air-plisse\/#primaryimage","url":"https:\/\/i0.wp.com\/www.entreprisebair.ca\/wp-content\/uploads\/2018\/03\/10x20x1_6pack.png?fit=720%2C720&ssl=1","contentUrl":"https:\/\/i0.wp.com\/www.entreprisebair.ca\/wp-content\/uploads\/2018\/03\/10x20x1_6pack.png?fit=720%2C720&ssl=1","width":720,"height":720},{"@type":"BreadcrumbList","@id":"https:\/\/www.entreprisebair.ca\/fr\/produit\/10x20x1-filtre-a-air-plisse\/#breadcrumb","itemListElement":[{"@type":"ListItem","position":1,"name":"Home","item":"https:\/\/www.entreprisebair.ca\/fr\/"},{"@type":"ListItem","position":2,"name":"Magasiner les filtres","item":"https:\/\/www.entreprisebair.ca\/fr\/filtres\/"},{"@type":"ListItem","position":3,"name":"10 X 20 X 1 Filtre \u00e0 Air Pliss\u00e9 &#8211; Paquet de 12"}]},{"@type":"WebSite","@id":"https:\/\/www.entreprisebair.ca\/fr\/#website","url":"https:\/\/www.entreprisebair.ca\/fr\/","name":"https:\/\/www.entreprisebair.ca\/","description":"Heating and Air Conditioning Systems in Montreal and West Island","potentialAction":[{"@type":"SearchAction","target":{"@type":"EntryPoint","urlTemplate":"https:\/\/www.entreprisebair.ca\/fr\/?s={search_term_string}"},"query-input":{"@type":"PropertyValueSpecification","valueRequired":true,"valueName":"search_term_string"}}],"inLanguage":"fr-FR"}]}},"jetpack_sharing_enabled":true,"_links":{"self":[{"href":"https:\/\/www.entreprisebair.ca\/fr\/wp-json\/wp\/v2\/product\/1929","targetHints":{"allow":["GET"]}}],"collection":[{"href":"https:\/\/www.entreprisebair.ca\/fr\/wp-json\/wp\/v2\/product"}],"about":[{"href":"https:\/\/www.entreprisebair.ca\/fr\/wp-json\/wp\/v2\/types\/product"}],"wp:featuredmedia":[{"embeddable":true,"href":"https:\/\/www.entreprisebair.ca\/fr\/wp-json\/wp\/v2\/media\/1050"}],"wp:attachment":[{"href":"https:\/\/www.entreprisebair.ca\/fr\/wp-json\/wp\/v2\/media?parent=1929"}],"wp:term":[{"taxonomy":"product_brand","embeddable":true,"href":"https:\/\/www.entreprisebair.ca\/fr\/wp-json\/wp\/v2\/product_brand?post=1929"},{"taxonomy":"product_cat","embeddable":true,"href":"https:\/\/www.entreprisebair.ca\/fr\/wp-json\/wp\/v2\/product_cat?post=1929"},{"taxonomy":"product_tag","embeddable":true,"href":"https:\/\/www.entreprisebair.ca\/fr\/wp-json\/wp\/v2\/product_tag?post=1929"}],"curies":[{"name":"wp","href":"https:\/\/api.w.org\/{rel}","templated":true}]}}