{"id":74458,"date":"2023-10-26T20:29:20","date_gmt":"2023-10-26T20:29:20","guid":{"rendered":"https:\/\/www.entreprisebair.ca\/?page_id=74458"},"modified":"2025-12-22T04:20:22","modified_gmt":"2025-12-22T04:20:22","slug":"contactez-nous","status":"publish","type":"page","link":"https:\/\/www.entreprisebair.ca\/fr\/contactez-nous\/","title":{"rendered":"Contactez nous"},"content":{"rendered":"<p><div class=\"fusion-fullwidth fullwidth-box fusion-builder-row-1 fusion-flex-container has-pattern-background has-mask-background nonhundred-percent-fullwidth non-hundred-percent-height-scrolling\" style=\"--awb-border-radius-top-left:0px;--awb-border-radius-top-right:0px;--awb-border-radius-bottom-right:0px;--awb-border-radius-bottom-left:0px;--awb-padding-right:35px;--awb-padding-left:35px;--awb-flex-wrap:wrap;\" ><div class=\"fusion-builder-row fusion-row fusion-flex-align-items-flex-start fusion-flex-content-wrap\" style=\"max-width:104%;margin-left: calc(-4% \/ 2 );margin-right: calc(-4% \/ 2 );\"><div class=\"fusion-layout-column fusion_builder_column fusion-builder-column-0 fusion_builder_column_1_2 1_2 fusion-flex-column\" style=\"--awb-bg-size:cover;--awb-width-large:50%;--awb-margin-top-large:15px;--awb-spacing-right-large:3.84%;--awb-margin-bottom-large:15px;--awb-spacing-left-large:3.84%;--awb-width-medium:100%;--awb-order-medium:0;--awb-spacing-right-medium:1.92%;--awb-spacing-left-medium:1.92%;--awb-width-small:100%;--awb-order-small:0;--awb-spacing-right-small:1.92%;--awb-spacing-left-small:1.92%;\"><div class=\"fusion-column-wrapper fusion-column-has-shadow fusion-flex-justify-content-flex-start fusion-content-layout-column\"><div class=\"fusion-title title fusion-title-1 sep-underline sep-solid fusion-title-center fusion-title-text fusion-title-size-one\" style=\"--awb-text-color:var(--awb-color7);--awb-margin-top-small:0px;--awb-margin-right-small:0px;--awb-margin-bottom-small:20px;--awb-margin-left-small:0px;\"><h1 class=\"fusion-title-heading title-heading-center fusion-responsive-typography-calculated\" style=\"margin:0;--fontSize:50;line-height:1.16;\">Entreprise B.Air<\/h1><\/div><div class=\"fusion-text fusion-text-1\" style=\"--awb-text-color:var(--awb-color7);\"><h3 style=\"text-align: center;\">Notre \u00e9quipe exp\u00e9riment\u00e9e dessert fi\u00e8rement<\/h3>\n<\/div><div class=\"fusion-text fusion-text-2 fusion-text-no-margin\" style=\"--awb-margin-bottom:0px;\"><h2 class=\"fusion-responsive-typography-calculated\" style=\"color: var(--awb-color7); --fontsize: 40; line-height: 1.2; text-align: center;\" data-fontsize=\"40\" data-lineheight=\"48px\"><strong>Montr\u00e9al, Laval, l\u2019Ouest-de-l\u2019\u00cele, la Rive-Sud, Vaudreuil, Hudson,<\/strong><\/h2>\n<\/div><div class=\"fusion-text fusion-text-3 fusion-text-no-margin\" style=\"--awb-text-color:var(--awb-color7);--awb-margin-top:0px;--awb-margin-bottom:8%;\"><h3 style=\"text-align: center;\">et les environs.<\/h3>\n<\/div><div class=\"fusion-content-boxes content-boxes columns row fusion-columns-1 fusion-columns-total-4 fusion-content-boxes-1 content-boxes-icon-on-top content-left\" style=\"--awb-hover-accent-color:#d6d6d6;--awb-circle-hover-accent-color:#d6d6d6;--awb-item-margin-bottom:40px;\" data-animationOffset=\"top-into-view\"><div style=\"--awb-backgroundcolor:rgba(255,255,255,0);\" class=\"fusion-column content-box-column content-box-column content-box-column-1 col-lg-12 col-md-12 col-sm-12 fusion-content-box-hover content-box-column-last-in-row\"><div class=\"col content-box-wrapper content-wrapper link-area-box link-type-text content-icon-wrapper-yes icon-wrapper-hover-animation-pulsate fusion-animated\" data-link=\"tel:\/\/4388896441\" data-link-target=\"_self\" data-animationType=\"fadeInLeft\" data-animationDuration=\"0.7\" data-animationOffset=\"top-into-view\"><div class=\"heading heading-with-icon icon-left\"><a class=\"heading-link\" href=\"tel:\/\/4388896441\" target=\"_self\"><div class=\"icon\"><span style=\"height:66px;width:66px;line-height:34px;border-color:#35baf2;border-width:1px;border-style:solid;background-color:#ffffff;box-sizing:content-box;border-radius:50%;\"><i style=\"border-color:#ffffff;border-width:1px;background-color:#ffffff;box-sizing:content-box;height:64px;width:64px;line-height:64px;border-radius:50%;position:relative;top:auto;left:auto;margin:0;border-radius:50%;font-size:32px;\" aria-hidden=\"true\" class=\"fontawesome-icon fa-phone fas circle-yes\"><\/i><\/span><\/div><h2 class=\"content-box-heading fusion-responsive-typography-calculated\" style=\"--h2_typography-font-size:32px;--fontSize:32;line-height:1.2;\">Appelez nous (514) 917-6441<\/h2><\/a><\/div><\/div><\/div><div style=\"--awb-backgroundcolor:rgba(255,255,255,0);\" class=\"fusion-column content-box-column content-box-column content-box-column-2 col-lg-12 col-md-12 col-sm-12 fusion-content-box-hover content-box-column-last-in-row\"><div class=\"col content-box-wrapper content-wrapper link-area-box link-type-text content-icon-wrapper-yes icon-wrapper-hover-animation-pulsate fusion-animated\" data-link=\"mailto:info@entreprisebair.ca\" data-link-target=\"_self\" data-animationType=\"fadeInLeft\" data-animationDuration=\"0.7\" data-animationOffset=\"top-into-view\"><div class=\"heading heading-with-icon icon-left\"><a class=\"heading-link\" href=\"mailto:info@entreprisebair.ca\" target=\"_self\"><div class=\"icon\"><span style=\"height:66px;width:66px;line-height:34px;border-color:#35baf2;border-width:1px;border-style:solid;background-color:#ffffff;box-sizing:content-box;border-radius:50%;\"><i style=\"border-color:#ffffff;border-width:1px;background-color:#ffffff;box-sizing:content-box;height:64px;width:64px;line-height:64px;border-radius:50%;position:relative;top:auto;left:auto;margin:0;border-radius:50%;font-size:32px;\" aria-hidden=\"true\" class=\"fontawesome-icon fa-envelope fas circle-yes\"><\/i><\/span><\/div><h2 class=\"content-box-heading fusion-responsive-typography-calculated\" style=\"--h2_typography-font-size:32px;--fontSize:32;line-height:1.2;\">Contactez nous par courriel<\/h2><\/a><\/div><div class=\"fusion-clearfix\"><\/div><div class=\"content-container\">\n<p><span style=\"font-size: 24px;\" data-fusion-font=\"true\">info@entreprisebair.ca<\/span><\/p>\n<\/div><\/div><\/div><div style=\"--awb-backgroundcolor:rgba(255,255,255,0);\" class=\"fusion-column content-box-column content-box-column content-box-column-3 col-lg-12 col-md-12 col-sm-12 fusion-content-box-hover content-box-column-last-in-row\"><div class=\"col content-box-wrapper content-wrapper link-area-box link-type-text content-icon-wrapper-yes icon-wrapper-hover-animation-pulsate fusion-animated\" data-link=\"https:\/\/www.facebook.com\/b.air.enterprise\/timeline\" data-link-target=\"_blank\" data-animationType=\"fadeInLeft\" data-animationDuration=\"0.7\" data-animationOffset=\"top-into-view\"><div class=\"heading heading-with-icon icon-left\"><a class=\"heading-link\" href=\"https:\/\/www.facebook.com\/b.air.enterprise\/timeline\" target=\"_blank\" rel=\"noopener noreferrer\"><div class=\"icon\"><span style=\"height:66px;width:66px;line-height:34px;border-color:#35baf2;border-width:1px;border-style:solid;background-color:#ffffff;box-sizing:content-box;border-radius:50%;\"><i style=\"border-color:#ffffff;border-width:1px;background-color:#ffffff;box-sizing:content-box;height:64px;width:64px;line-height:64px;border-radius:50%;position:relative;top:auto;left:auto;margin:0;border-radius:50%;font-size:32px;\" aria-hidden=\"true\" class=\"fontawesome-icon fa-facebook-f fab circle-yes\"><\/i><\/span><\/div><h2 class=\"content-box-heading fusion-responsive-typography-calculated\" style=\"--h2_typography-font-size:32px;--fontSize:32;line-height:1.2;\">Visitez nous sur Facebook<\/h2><\/a><\/div><\/div><\/div><div style=\"--awb-backgroundcolor:rgba(255,255,255,0);\" class=\"fusion-column content-box-column content-box-column content-box-column-4 col-lg-12 col-md-12 col-sm-12 fusion-content-box-hover content-box-column-last content-box-column-last-in-row\"><div class=\"col content-box-wrapper content-wrapper link-area-box content-icon-wrapper-yes icon-wrapper-hover-animation-pulsate fusion-animated\" data-animationType=\"fadeInLeft\" data-animationDuration=\"0.7\" data-animationOffset=\"top-into-view\"><div class=\"heading heading-with-icon icon-left\"><div class=\"icon\"><span style=\"height:66px;width:66px;line-height:34px;border-color:#35baf2;border-width:1px;border-style:solid;background-color:#ffffff;box-sizing:content-box;border-radius:50%;\"><i style=\"border-color:#ffffff;border-width:1px;background-color:#ffffff;box-sizing:content-box;height:64px;width:64px;line-height:64px;border-radius:50%;position:relative;top:auto;left:auto;margin:0;border-radius:50%;font-size:32px;\" aria-hidden=\"true\" class=\"fontawesome-icon fa-clock fas circle-yes\"><\/i><\/span><\/div><h2 class=\"content-box-heading fusion-responsive-typography-calculated\" style=\"--h2_typography-font-size:32px;--fontSize:32;line-height:1.2;\">Heures d'ouverture<\/h2><\/div><div class=\"fusion-clearfix\"><\/div><div class=\"content-container\">\n<p style=\"padding-left: 0px; font-size: 24px;\" data-fusion-font=\"true\">Lundi au vendredi de 9h00 \u00e0 17h00<\/p>\n<\/div><\/div><\/div><div class=\"fusion-clearfix\"><\/div><\/div><\/div><\/div><div class=\"fusion-layout-column fusion_builder_column fusion-builder-column-1 fusion_builder_column_1_2 1_2 fusion-flex-column\" style=\"--awb-bg-size:cover;--awb-width-large:50%;--awb-margin-top-large:15px;--awb-spacing-right-large:3.84%;--awb-margin-bottom-large:15px;--awb-spacing-left-large:1.92%;--awb-width-medium:100%;--awb-order-medium:0;--awb-spacing-right-medium:1.92%;--awb-spacing-left-medium:1.92%;--awb-width-small:100%;--awb-order-small:0;--awb-spacing-right-small:1.92%;--awb-spacing-left-small:1.92%;\"><div class=\"fusion-column-wrapper fusion-column-has-shadow fusion-flex-justify-content-flex-start fusion-content-layout-column\"><div class=\"fusion-title title fusion-title-2 sep-underline sep-solid fusion-title-center fusion-title-text fusion-title-size-one\" style=\"--awb-text-color:var(--awb-color7);--awb-margin-top-small:0px;--awb-margin-right-small:0px;--awb-margin-bottom-small:20px;--awb-margin-left-small:0px;\"><h1 class=\"fusion-title-heading title-heading-center fusion-responsive-typography-calculated\" style=\"margin:0;--fontSize:50;line-height:1.16;\">Contactez-vous<\/h1><\/div><div class=\"fusion-text fusion-text-4\" style=\"--awb-content-alignment:center;\"><h3>Que ce soit pour une nouvelle installation, une r\u00e9paration ou simplement des conseils, nous sommes l\u00e0 pour vous aider. <strong>Appelez-nous en tout temps<\/strong>, ou remplissez le formulaire pour parler avec l\u2019un de nos sp\u00e9cialistes.<\/h3>\n<\/div><div class=\"fusion-text fusion-text-5 fusion-text-no-margin\" style=\"--awb-text-color:var(--awb-color7);--awb-margin-bottom:8%;\"><h2 class=\"fusion-responsive-typography-calculated\" style=\"color: var(--awb-color7); --fontsize: 40; line-height: 1.2; text-align: center;\" data-fontsize=\"40\" data-lineheight=\"48px\"><strong>R\u00e9sidentiel \u2022 Commercial \u2022 Industriel<\/strong><\/h2>\n<\/div><div class=\"fusion-image-element \" style=\"text-align:center;--awb-max-width:350px;--awb-caption-title-font-family:var(--h2_typography-font-family);--awb-caption-title-font-weight:var(--h2_typography-font-weight);--awb-caption-title-font-style:var(--h2_typography-font-style);--awb-caption-title-size:var(--h2_typography-font-size);--awb-caption-title-transform:var(--h2_typography-text-transform);--awb-caption-title-line-height:var(--h2_typography-line-height);--awb-caption-title-letter-spacing:var(--h2_typography-letter-spacing);\"><span class=\" fusion-imageframe imageframe-none imageframe-1 hover-type-none\"><img data-recalc-dims=\"1\" decoding=\"async\" width=\"540\" height=\"486\" title=\"10 ans \u00e0 votre service &#8211; no background\" src=\"https:\/\/i0.wp.com\/www.entreprisebair.ca\/wp-content\/uploads\/2023\/03\/10-ans-a-votre-service-no-background.png?resize=540%2C486&#038;ssl=1\" alt class=\"img-responsive wp-image-40170\" srcset=\"https:\/\/i0.wp.com\/www.entreprisebair.ca\/wp-content\/uploads\/2023\/03\/10-ans-a-votre-service-no-background.png?resize=200%2C180&amp;ssl=1 200w, https:\/\/i0.wp.com\/www.entreprisebair.ca\/wp-content\/uploads\/2023\/03\/10-ans-a-votre-service-no-background.png?resize=300%2C270&amp;ssl=1 300w, https:\/\/i0.wp.com\/www.entreprisebair.ca\/wp-content\/uploads\/2023\/03\/10-ans-a-votre-service-no-background.png?resize=400%2C360&amp;ssl=1 400w, https:\/\/i0.wp.com\/www.entreprisebair.ca\/wp-content\/uploads\/2023\/03\/10-ans-a-votre-service-no-background.png?resize=500%2C450&amp;ssl=1 500w, https:\/\/i0.wp.com\/www.entreprisebair.ca\/wp-content\/uploads\/2023\/03\/10-ans-a-votre-service-no-background.png?fit=540%2C486&amp;ssl=1 540w\" sizes=\"(max-width: 1024px) 100vw, (max-width: 640px) 100vw, 540px\" \/><\/span><\/div><div class=\"fusion-image-element \" style=\"text-align:center;--awb-mask-url: url(https:\/\/www.entreprisebair.ca\/wp-content\/plugins\/fusion-builder\/\/assets\/images\/masks\/mask-3.svg);--awb-max-width:520px;--awb-caption-title-font-family:var(--h2_typography-font-family);--awb-caption-title-font-weight:var(--h2_typography-font-weight);--awb-caption-title-font-style:var(--h2_typography-font-style);--awb-caption-title-size:var(--h2_typography-font-size);--awb-caption-title-transform:var(--h2_typography-text-transform);--awb-caption-title-line-height:var(--h2_typography-line-height);--awb-caption-title-letter-spacing:var(--h2_typography-letter-spacing);\"><span class=\" fusion-imageframe imageframe-none imageframe-2 hover-type-none has-mask\"><img data-recalc-dims=\"1\" decoding=\"async\" width=\"1512\" height=\"2016\" title=\"35C860AF-41E3-4159-8D65-CAB5F8AB3D1B\" src=\"https:\/\/i0.wp.com\/www.entreprisebair.ca\/wp-content\/uploads\/2023\/10\/35C860AF-41E3-4159-8D65-CAB5F8AB3D1B.jpeg?resize=1512%2C2016&#038;ssl=1\" alt class=\"img-responsive wp-image-74434\" srcset=\"https:\/\/i0.wp.com\/www.entreprisebair.ca\/wp-content\/uploads\/2023\/10\/35C860AF-41E3-4159-8D65-CAB5F8AB3D1B.jpeg?resize=200%2C267&amp;ssl=1 200w, https:\/\/i0.wp.com\/www.entreprisebair.ca\/wp-content\/uploads\/2023\/10\/35C860AF-41E3-4159-8D65-CAB5F8AB3D1B.jpeg?resize=225%2C300&amp;ssl=1 225w, https:\/\/i0.wp.com\/www.entreprisebair.ca\/wp-content\/uploads\/2023\/10\/35C860AF-41E3-4159-8D65-CAB5F8AB3D1B.jpeg?resize=400%2C533&amp;ssl=1 400w, https:\/\/i0.wp.com\/www.entreprisebair.ca\/wp-content\/uploads\/2023\/10\/35C860AF-41E3-4159-8D65-CAB5F8AB3D1B.jpeg?resize=500%2C667&amp;ssl=1 500w, https:\/\/i0.wp.com\/www.entreprisebair.ca\/wp-content\/uploads\/2023\/10\/35C860AF-41E3-4159-8D65-CAB5F8AB3D1B.jpeg?resize=600%2C800&amp;ssl=1 600w, https:\/\/i0.wp.com\/www.entreprisebair.ca\/wp-content\/uploads\/2023\/10\/35C860AF-41E3-4159-8D65-CAB5F8AB3D1B.jpeg?resize=700%2C933&amp;ssl=1 700w, https:\/\/i0.wp.com\/www.entreprisebair.ca\/wp-content\/uploads\/2023\/10\/35C860AF-41E3-4159-8D65-CAB5F8AB3D1B.jpeg?resize=768%2C1024&amp;ssl=1 768w, https:\/\/i0.wp.com\/www.entreprisebair.ca\/wp-content\/uploads\/2023\/10\/35C860AF-41E3-4159-8D65-CAB5F8AB3D1B.jpeg?resize=800%2C1067&amp;ssl=1 800w, https:\/\/i0.wp.com\/www.entreprisebair.ca\/wp-content\/uploads\/2023\/10\/35C860AF-41E3-4159-8D65-CAB5F8AB3D1B.jpeg?resize=1152%2C1536&amp;ssl=1 1152w, https:\/\/i0.wp.com\/www.entreprisebair.ca\/wp-content\/uploads\/2023\/10\/35C860AF-41E3-4159-8D65-CAB5F8AB3D1B.jpeg?resize=1200%2C1600&amp;ssl=1 1200w, https:\/\/i0.wp.com\/www.entreprisebair.ca\/wp-content\/uploads\/2023\/10\/35C860AF-41E3-4159-8D65-CAB5F8AB3D1B.jpeg?fit=1512%2C2016&amp;ssl=1 1512w\" sizes=\"(max-width: 1024px) 100vw, (max-width: 640px) 100vw, 1200px\" \/><\/span><\/div><\/div><\/div><\/div><\/div><div class=\"fusion-bg-parallax\" data-bg-align=\"center center\" data-direction=\"up\" data-mute=\"false\" data-opacity=\"100\" data-velocity=\"-0.3\" data-mobile-enabled=\"false\" data-break_parents=\"0\" data-bg-image=\"https:\/\/www.entreprisebair.ca\/wp-content\/uploads\/2018\/03\/orange_large_bg.png\" data-bg-repeat=\"false\" ><\/div><div class=\"fusion-fullwidth fullwidth-box fusion-builder-row-2 has-pattern-background has-mask-background fusion-parallax-up nonhundred-percent-fullwidth non-hundred-percent-height-scrolling\" style=\"--awb-border-radius-top-left:0px;--awb-border-radius-top-right:0px;--awb-border-radius-bottom-right:0px;--awb-border-radius-bottom-left:0px;--awb-padding-top:120px;--awb-padding-bottom:120px;--awb-background-color:rgba(255,193,7,0);--awb-background-image:url(&quot;https:\/\/www.entreprisebair.ca\/wp-content\/uploads\/2018\/03\/orange_large_bg.png&quot;);--awb-background-size:cover;--awb-flex-wrap:wrap;\" ><div class=\"fusion-builder-row fusion-row\"><div class=\"fusion-layout-column fusion_builder_column fusion-builder-column-2 fusion_builder_column_1_1 1_1 fusion-one-full fusion-column-first fusion-column-last\" style=\"--awb-padding-right:10px;--awb-padding-left:10px;--awb-bg-size:cover;\"><div class=\"fusion-column-wrapper fusion-column-has-shadow fusion-flex-column-wrapper-legacy\"><div class=\"fusion-text fusion-text-6\"><h2 style=\"text-align: center; color: var(--awb-color7);\"><b>Nous vous donnerons un estim\u00e9 gratuit!<\/b><\/h2>\n<h4 style=\"text-align: center;\">Nous sommes membres de la RBQ et de la CCQ et offrons une garantie de main-d&#8217;\u0153uvre d&#8217;un an sur nos installations, en plus de la garantie sur les pi\u00e8ces offerte par les fabricants.<\/h4>\n<p style=\"text-align: center;\">\n<\/div><div class=\"fusion-button-wrapper fusion-aligncenter\"><a class=\"fusion-button button-flat button-xlarge button-default fusion-button-default button-1 fusion-button-default-span fusion-button-default-type fusion-animated\" data-animationType=\"flash\" data-animationDuration=\"1.5\" data-animationDelay=\"0.5\" data-animationOffset=\"top-into-view\" target=\"_self _self\" rel=\"nofollow\" href=\"tel:\/\/4388896441\"><span class=\"fusion-button-text awb-button__text awb-button__text--default\">APPELEZ NOUS D\u00c8S MAINTENANT!<\/span><\/a><\/div><div class=\"fusion-clearfix\"><\/div><\/div><\/div><\/div><\/div><\/p>\n","protected":false},"excerpt":{"rendered":"","protected":false},"author":1,"featured_media":0,"parent":0,"menu_order":0,"comment_status":"closed","ping_status":"closed","template":"100-width.php","meta":{"nf_dc_page":"","om_disable_all_campaigns":false,"_exactmetrics_skip_tracking":false,"_exactmetrics_sitenote_active":false,"_exactmetrics_sitenote_note":"","_exactmetrics_sitenote_category":0,"jetpack_post_was_ever_published":false,"footnotes":""},"class_list":["post-74458","page","type-page","status-publish","hentry"],"yoast_head":"<!-- This site is optimized with the Yoast SEO plugin v27.4 - https:\/\/yoast.com\/product\/yoast-seo-wordpress\/ -->\n<title>Contactez nous - Entreprise B.Air<\/title>\n<meta name=\"robots\" content=\"index, follow, max-snippet:-1, max-image-preview:large, max-video-preview:-1\" \/>\n<link rel=\"canonical\" href=\"https:\/\/www.entreprisebair.ca\/fr\/contactez-nous\/\" \/>\n<meta property=\"og:locale\" content=\"fr_FR\" \/>\n<meta property=\"og:type\" content=\"article\" \/>\n<meta property=\"og:title\" content=\"Contactez nous - Entreprise B.Air\" \/>\n<meta property=\"og:url\" content=\"https:\/\/www.entreprisebair.ca\/fr\/contactez-nous\/\" \/>\n<meta property=\"og:site_name\" content=\"Entreprise B.Air\" \/>\n<meta property=\"article:publisher\" content=\"https:\/\/www.facebook.com\/b.air.enterprise\/\" \/>\n<meta property=\"article:modified_time\" content=\"2025-12-22T04:20:22+00:00\" \/>\n<meta name=\"twitter:card\" content=\"summary_large_image\" \/>\n<meta name=\"twitter:label1\" content=\"Dur\u00e9e de lecture estim\u00e9e\" \/>\n\t<meta name=\"twitter:data1\" content=\"1 minute\" \/>\n<script type=\"application\/ld+json\" class=\"yoast-schema-graph\">{\"@context\":\"https:\\\/\\\/schema.org\",\"@graph\":[{\"@type\":\"WebPage\",\"@id\":\"https:\\\/\\\/www.entreprisebair.ca\\\/fr\\\/contactez-nous\\\/\",\"url\":\"https:\\\/\\\/www.entreprisebair.ca\\\/fr\\\/contactez-nous\\\/\",\"name\":\"Contactez nous - Entreprise B.Air\",\"isPartOf\":{\"@id\":\"https:\\\/\\\/www.entreprisebair.ca\\\/fr\\\/#website\"},\"datePublished\":\"2023-10-26T20:29:20+00:00\",\"dateModified\":\"2025-12-22T04:20:22+00:00\",\"breadcrumb\":{\"@id\":\"https:\\\/\\\/www.entreprisebair.ca\\\/fr\\\/contactez-nous\\\/#breadcrumb\"},\"inLanguage\":\"fr-FR\",\"potentialAction\":[{\"@type\":\"ReadAction\",\"target\":[\"https:\\\/\\\/www.entreprisebair.ca\\\/fr\\\/contactez-nous\\\/\"]}]},{\"@type\":\"BreadcrumbList\",\"@id\":\"https:\\\/\\\/www.entreprisebair.ca\\\/fr\\\/contactez-nous\\\/#breadcrumb\",\"itemListElement\":[{\"@type\":\"ListItem\",\"position\":1,\"name\":\"Home\",\"item\":\"https:\\\/\\\/www.entreprisebair.ca\\\/fr\\\/\"},{\"@type\":\"ListItem\",\"position\":2,\"name\":\"Contactez nous\"}]},{\"@type\":\"WebSite\",\"@id\":\"https:\\\/\\\/www.entreprisebair.ca\\\/fr\\\/#website\",\"url\":\"https:\\\/\\\/www.entreprisebair.ca\\\/fr\\\/\",\"name\":\"https:\\\/\\\/www.entreprisebair.ca\\\/\",\"description\":\"Heating and Air Conditioning Systems in Montreal and West Island\",\"potentialAction\":[{\"@type\":\"SearchAction\",\"target\":{\"@type\":\"EntryPoint\",\"urlTemplate\":\"https:\\\/\\\/www.entreprisebair.ca\\\/fr\\\/?s={search_term_string}\"},\"query-input\":{\"@type\":\"PropertyValueSpecification\",\"valueRequired\":true,\"valueName\":\"search_term_string\"}}],\"inLanguage\":\"fr-FR\"}]}<\/script>\n<!-- \/ Yoast SEO plugin. -->","yoast_head_json":{"title":"Contactez nous - Entreprise B.Air","robots":{"index":"index","follow":"follow","max-snippet":"max-snippet:-1","max-image-preview":"max-image-preview:large","max-video-preview":"max-video-preview:-1"},"canonical":"https:\/\/www.entreprisebair.ca\/fr\/contactez-nous\/","og_locale":"fr_FR","og_type":"article","og_title":"Contactez nous - Entreprise B.Air","og_url":"https:\/\/www.entreprisebair.ca\/fr\/contactez-nous\/","og_site_name":"Entreprise B.Air","article_publisher":"https:\/\/www.facebook.com\/b.air.enterprise\/","article_modified_time":"2025-12-22T04:20:22+00:00","twitter_card":"summary_large_image","twitter_misc":{"Dur\u00e9e de lecture estim\u00e9e":"1 minute"},"schema":{"@context":"https:\/\/schema.org","@graph":[{"@type":"WebPage","@id":"https:\/\/www.entreprisebair.ca\/fr\/contactez-nous\/","url":"https:\/\/www.entreprisebair.ca\/fr\/contactez-nous\/","name":"Contactez nous - Entreprise B.Air","isPartOf":{"@id":"https:\/\/www.entreprisebair.ca\/fr\/#website"},"datePublished":"2023-10-26T20:29:20+00:00","dateModified":"2025-12-22T04:20:22+00:00","breadcrumb":{"@id":"https:\/\/www.entreprisebair.ca\/fr\/contactez-nous\/#breadcrumb"},"inLanguage":"fr-FR","potentialAction":[{"@type":"ReadAction","target":["https:\/\/www.entreprisebair.ca\/fr\/contactez-nous\/"]}]},{"@type":"BreadcrumbList","@id":"https:\/\/www.entreprisebair.ca\/fr\/contactez-nous\/#breadcrumb","itemListElement":[{"@type":"ListItem","position":1,"name":"Home","item":"https:\/\/www.entreprisebair.ca\/fr\/"},{"@type":"ListItem","position":2,"name":"Contactez nous"}]},{"@type":"WebSite","@id":"https:\/\/www.entreprisebair.ca\/fr\/#website","url":"https:\/\/www.entreprisebair.ca\/fr\/","name":"https:\/\/www.entreprisebair.ca\/","description":"Heating and Air Conditioning Systems in Montreal and West Island","potentialAction":[{"@type":"SearchAction","target":{"@type":"EntryPoint","urlTemplate":"https:\/\/www.entreprisebair.ca\/fr\/?s={search_term_string}"},"query-input":{"@type":"PropertyValueSpecification","valueRequired":true,"valueName":"search_term_string"}}],"inLanguage":"fr-FR"}]}},"jetpack_sharing_enabled":true,"jetpack_shortlink":"https:\/\/wp.me\/P9Ml0Z-jmW","_links":{"self":[{"href":"https:\/\/www.entreprisebair.ca\/fr\/wp-json\/wp\/v2\/pages\/74458","targetHints":{"allow":["GET"]}}],"collection":[{"href":"https:\/\/www.entreprisebair.ca\/fr\/wp-json\/wp\/v2\/pages"}],"about":[{"href":"https:\/\/www.entreprisebair.ca\/fr\/wp-json\/wp\/v2\/types\/page"}],"author":[{"embeddable":true,"href":"https:\/\/www.entreprisebair.ca\/fr\/wp-json\/wp\/v2\/users\/1"}],"replies":[{"embeddable":true,"href":"https:\/\/www.entreprisebair.ca\/fr\/wp-json\/wp\/v2\/comments?post=74458"}],"version-history":[{"count":5,"href":"https:\/\/www.entreprisebair.ca\/fr\/wp-json\/wp\/v2\/pages\/74458\/revisions"}],"predecessor-version":[{"id":177149,"href":"https:\/\/www.entreprisebair.ca\/fr\/wp-json\/wp\/v2\/pages\/74458\/revisions\/177149"}],"wp:attachment":[{"href":"https:\/\/www.entreprisebair.ca\/fr\/wp-json\/wp\/v2\/media?parent=74458"}],"curies":[{"name":"wp","href":"https:\/\/api.w.org\/{rel}","templated":true}]}}