{"id":40416,"date":"2023-03-17T19:39:13","date_gmt":"2023-03-17T19:39:13","guid":{"rendered":"https:\/\/www.entreprisebair.ca\/entretien-et-filtres\/"},"modified":"2025-12-21T17:14:40","modified_gmt":"2025-12-21T17:14:40","slug":"entretien-et-filtres","status":"publish","type":"page","link":"https:\/\/www.entreprisebair.ca\/fr\/entretien-et-filtres\/","title":{"rendered":"Services d&#8217;entretien et filtres"},"content":{"rendered":"<p><div class=\"fusion-fullwidth fullwidth-box fusion-builder-row-1 fusion-flex-container has-pattern-background has-mask-background nonhundred-percent-fullwidth non-hundred-percent-height-scrolling\" style=\"--awb-border-radius-top-left:0px;--awb-border-radius-top-right:0px;--awb-border-radius-bottom-right:0px;--awb-border-radius-bottom-left:0px;--awb-padding-bottom:0px;--awb-flex-wrap:wrap;\" ><div class=\"fusion-builder-row fusion-row fusion-flex-align-items-flex-start fusion-flex-content-wrap\" style=\"max-width:104%;margin-left: calc(-4% \/ 2 );margin-right: calc(-4% \/ 2 );\"><div class=\"fusion-layout-column fusion_builder_column fusion-builder-column-0 fusion_builder_column_1_1 1_1 fusion-flex-column\" style=\"--awb-bg-size:cover;--awb-width-large:100%;--awb-margin-top-large:15px;--awb-spacing-right-large:1.92%;--awb-margin-bottom-large:15px;--awb-spacing-left-large:3.84%;--awb-width-medium:100%;--awb-order-medium:0;--awb-spacing-right-medium:1.92%;--awb-spacing-left-medium:1.92%;--awb-width-small:100%;--awb-order-small:0;--awb-spacing-right-small:1.92%;--awb-spacing-left-small:1.92%;\"><div class=\"fusion-column-wrapper fusion-column-has-shadow fusion-flex-justify-content-flex-start fusion-content-layout-column\"><div class=\"fusion-text fusion-text-1\"><h1 style=\"text-align: left;\">Services d&#8217;entretien<\/h1>\n<\/div><div class=\"fusion-separator fusion-full-width-sep\" style=\"align-self: center;margin-left: auto;margin-right: auto;width:100%;\"><div class=\"fusion-separator-border sep-double\" style=\"--awb-height:20px;--awb-amount:20px;border-color:#dbe2ea;border-top-width:10px;border-bottom-width:10px;\"><\/div><\/div><\/div><\/div><\/div><\/div><div class=\"fusion-fullwidth fullwidth-box fusion-builder-row-2 fusion-flex-container has-pattern-background has-mask-background nonhundred-percent-fullwidth non-hundred-percent-height-scrolling\" style=\"--awb-border-radius-top-left:0px;--awb-border-radius-top-right:0px;--awb-border-radius-bottom-right:0px;--awb-border-radius-bottom-left:0px;--awb-flex-wrap:wrap;\" ><div class=\"fusion-builder-row fusion-row fusion-flex-align-items-flex-start fusion-flex-content-wrap\" style=\"max-width:104%;margin-left: calc(-4% \/ 2 );margin-right: calc(-4% \/ 2 );\"><div class=\"fusion-layout-column fusion_builder_column fusion-builder-column-1 fusion_builder_column_1_2 1_2 fusion-flex-column\" style=\"--awb-bg-size:cover;--awb-width-large:50%;--awb-margin-top-large:15px;--awb-spacing-right-large:0%;--awb-margin-bottom-large:13px;--awb-spacing-left-large:13.44%;--awb-width-medium:100%;--awb-order-medium:0;--awb-spacing-right-medium:1.92%;--awb-spacing-left-medium:1.92%;--awb-width-small:100%;--awb-order-small:0;--awb-spacing-right-small:1.92%;--awb-spacing-left-small:1.92%;\"><div class=\"fusion-column-wrapper fusion-column-has-shadow fusion-flex-justify-content-flex-start fusion-content-layout-column\"><div class=\"fusion-text fusion-text-2\"><p>Vous recherchez des services d&#8217;entretien CVC fiables et efficaces? Ne cherchez plus! Notre entreprise offre des services d&#8217;entretien de premi\u00e8re qualit\u00e9 con\u00e7us pour maintenir le bon fonctionnement de vos syst\u00e8mes CVC tout au long de l&#8217;ann\u00e9e.<\/p>\n<p>Avec notre \u00e9quipe de techniciens hautement qualifi\u00e9s et exp\u00e9riment\u00e9s, nous sommes en mesure de fournir des services d&#8217;entretien complets pour tous les types de syst\u00e8mes CVC, des unit\u00e9s r\u00e9sidentielles aux unit\u00e9s commerciales. Nous comprenons l&#8217;importance d&#8217;avoir un syst\u00e8me CVC qui fonctionne correctement, en particulier pendant les conditions m\u00e9t\u00e9orologiques extr\u00eames. C&#8217;est pourquoi nous offrons des services d&#8217;entretien r\u00e9guliers pour garantir que votre syst\u00e8me est en bon \u00e9tat et peut g\u00e9rer toutes les conditions m\u00e9t\u00e9orologiques.<\/p>\n<p>Nos services d&#8217;entretien comprennent des inspections approfondies, le nettoyage, la lubrification et le remplacement des pi\u00e8ces us\u00e9es et filtres. Nous n&#8217;utilisons que les derniers outils et \u00e9quipements pour nous assurer de fournir les services de la plus haute qualit\u00e9 possible.<\/p>\n<\/div><\/div><\/div><div class=\"fusion-layout-column fusion_builder_column fusion-builder-column-2 fusion_builder_column_1_2 1_2 fusion-flex-column\" style=\"--awb-bg-size:cover;--awb-width-large:50%;--awb-margin-top-large:1px;--awb-spacing-right-large:3.84%;--awb-margin-bottom-large:0px;--awb-spacing-left-large:0%;--awb-width-medium:100%;--awb-order-medium:0;--awb-spacing-right-medium:1.92%;--awb-spacing-left-medium:1.92%;--awb-width-small:100%;--awb-order-small:0;--awb-spacing-right-small:1.92%;--awb-spacing-left-small:1.92%;\"><div class=\"fusion-column-wrapper fusion-column-has-shadow fusion-flex-justify-content-flex-start fusion-content-layout-column\"><div class=\"fusion-image-element \" style=\"text-align:center;--awb-max-width:450px;--awb-caption-title-font-family:var(--h2_typography-font-family);--awb-caption-title-font-weight:var(--h2_typography-font-weight);--awb-caption-title-font-style:var(--h2_typography-font-style);--awb-caption-title-size:var(--h2_typography-font-size);--awb-caption-title-transform:var(--h2_typography-text-transform);--awb-caption-title-line-height:var(--h2_typography-line-height);--awb-caption-title-letter-spacing:var(--h2_typography-letter-spacing);\"><span class=\" fusion-imageframe imageframe-none imageframe-1 hover-type-none\"><img data-recalc-dims=\"1\" decoding=\"async\" width=\"1440\" height=\"1440\" title=\"Tools hvac\" src=\"https:\/\/i0.wp.com\/www.entreprisebair.ca\/wp-content\/uploads\/2023\/03\/Tools-hvac.jpg?resize=1440%2C1440&#038;ssl=1\" alt class=\"img-responsive wp-image-40395\" srcset=\"https:\/\/i0.wp.com\/www.entreprisebair.ca\/wp-content\/uploads\/2023\/03\/Tools-hvac.jpg?resize=66%2C66&amp;ssl=1 66w, https:\/\/i0.wp.com\/www.entreprisebair.ca\/wp-content\/uploads\/2023\/03\/Tools-hvac.jpg?resize=100%2C100&amp;ssl=1 100w, https:\/\/i0.wp.com\/www.entreprisebair.ca\/wp-content\/uploads\/2023\/03\/Tools-hvac.jpg?resize=150%2C150&amp;ssl=1 150w, https:\/\/i0.wp.com\/www.entreprisebair.ca\/wp-content\/uploads\/2023\/03\/Tools-hvac.jpg?resize=200%2C200&amp;ssl=1 200w, https:\/\/i0.wp.com\/www.entreprisebair.ca\/wp-content\/uploads\/2023\/03\/Tools-hvac.jpg?resize=300%2C300&amp;ssl=1 300w, https:\/\/i0.wp.com\/www.entreprisebair.ca\/wp-content\/uploads\/2023\/03\/Tools-hvac.jpg?resize=400%2C400&amp;ssl=1 400w, https:\/\/i0.wp.com\/www.entreprisebair.ca\/wp-content\/uploads\/2023\/03\/Tools-hvac.jpg?resize=500%2C500&amp;ssl=1 500w, https:\/\/i0.wp.com\/www.entreprisebair.ca\/wp-content\/uploads\/2023\/03\/Tools-hvac.jpg?resize=600%2C600&amp;ssl=1 600w, https:\/\/i0.wp.com\/www.entreprisebair.ca\/wp-content\/uploads\/2023\/03\/Tools-hvac.jpg?resize=700%2C700&amp;ssl=1 700w, https:\/\/i0.wp.com\/www.entreprisebair.ca\/wp-content\/uploads\/2023\/03\/Tools-hvac.jpg?resize=768%2C768&amp;ssl=1 768w, https:\/\/i0.wp.com\/www.entreprisebair.ca\/wp-content\/uploads\/2023\/03\/Tools-hvac.jpg?resize=800%2C800&amp;ssl=1 800w, https:\/\/i0.wp.com\/www.entreprisebair.ca\/wp-content\/uploads\/2023\/03\/Tools-hvac.jpg?resize=1024%2C1024&amp;ssl=1 1024w, https:\/\/i0.wp.com\/www.entreprisebair.ca\/wp-content\/uploads\/2023\/03\/Tools-hvac.jpg?resize=1200%2C1200&amp;ssl=1 1200w, https:\/\/i0.wp.com\/www.entreprisebair.ca\/wp-content\/uploads\/2023\/03\/Tools-hvac.jpg?fit=1440%2C1440&amp;ssl=1 1440w\" sizes=\"(max-width: 1024px) 100vw, (max-width: 640px) 100vw, 1200px\" \/><\/span><\/div><\/div><\/div><\/div><\/div><div class=\"fusion-fullwidth fullwidth-box fusion-builder-row-3 fusion-flex-container has-pattern-background has-mask-background nonhundred-percent-fullwidth non-hundred-percent-height-scrolling\" style=\"--awb-border-radius-top-left:0px;--awb-border-radius-top-right:0px;--awb-border-radius-bottom-right:0px;--awb-border-radius-bottom-left:0px;--awb-flex-wrap:wrap;\" ><div class=\"fusion-builder-row fusion-row fusion-flex-align-items-flex-start fusion-flex-content-wrap\" style=\"max-width:104%;margin-left: calc(-4% \/ 2 );margin-right: calc(-4% \/ 2 );\"><div class=\"fusion-layout-column fusion_builder_column fusion-builder-column-3 fusion_builder_column_1_1 1_1 fusion-flex-column\" style=\"--awb-bg-size:cover;--awb-width-large:100%;--awb-margin-top-large:15px;--awb-spacing-right-large:1.92%;--awb-margin-bottom-large:15px;--awb-spacing-left-large:1.92%;--awb-width-medium:100%;--awb-order-medium:0;--awb-spacing-right-medium:1.92%;--awb-spacing-left-medium:1.92%;--awb-width-small:100%;--awb-order-small:0;--awb-spacing-right-small:1.92%;--awb-spacing-left-small:1.92%;\"><div class=\"fusion-column-wrapper fusion-column-has-shadow fusion-flex-justify-content-flex-start fusion-content-layout-column\"><div class=\"fusion-separator fusion-full-width-sep\" style=\"align-self: center;margin-left: auto;margin-right: auto;width:100%;\"><div class=\"fusion-separator-border sep-double\" style=\"--awb-height:20px;--awb-amount:20px;border-color:#dbe2ea;border-top-width:5px;border-bottom-width:5px;\"><\/div><\/div><\/div><\/div><\/div><\/div><div class=\"fusion-fullwidth fullwidth-box fusion-builder-row-4 fusion-flex-container has-pattern-background has-mask-background nonhundred-percent-fullwidth non-hundred-percent-height-scrolling\" style=\"--awb-border-radius-top-left:0px;--awb-border-radius-top-right:0px;--awb-border-radius-bottom-right:0px;--awb-border-radius-bottom-left:0px;--awb-flex-wrap:wrap;\" ><div class=\"fusion-builder-row fusion-row fusion-flex-align-items-flex-start fusion-flex-content-wrap\" style=\"max-width:104%;margin-left: calc(-4% \/ 2 );margin-right: calc(-4% \/ 2 );\"><div class=\"fusion-layout-column fusion_builder_column fusion-builder-column-4 fusion_builder_column_1_1 1_1 fusion-flex-column\" style=\"--awb-bg-size:cover;--awb-width-large:100%;--awb-margin-top-large:0px;--awb-spacing-right-large:1.92%;--awb-margin-bottom-large:0px;--awb-spacing-left-large:3.84%;--awb-width-medium:100%;--awb-order-medium:0;--awb-spacing-right-medium:1.92%;--awb-spacing-left-medium:1.92%;--awb-width-small:100%;--awb-order-small:0;--awb-spacing-right-small:1.92%;--awb-spacing-left-small:1.92%;\"><div class=\"fusion-column-wrapper fusion-column-has-shadow fusion-flex-justify-content-flex-start fusion-content-layout-column\"><div class=\"fusion-text fusion-text-3\"><h4><i>Pourquoi choisir notre entreprise?<\/i><\/h4>\n<\/div><\/div><\/div><\/div><\/div><div class=\"fusion-fullwidth fullwidth-box fusion-builder-row-5 fusion-flex-container has-pattern-background has-mask-background nonhundred-percent-fullwidth non-hundred-percent-height-scrolling\" style=\"--awb-border-radius-top-left:0px;--awb-border-radius-top-right:0px;--awb-border-radius-bottom-right:0px;--awb-border-radius-bottom-left:0px;--awb-flex-wrap:wrap;\" ><div class=\"fusion-builder-row fusion-row fusion-flex-align-items-flex-start fusion-flex-content-wrap\" style=\"max-width:104%;margin-left: calc(-4% \/ 2 );margin-right: calc(-4% \/ 2 );\"><div class=\"fusion-layout-column fusion_builder_column fusion-builder-column-5 fusion_builder_column_1_3 1_3 fusion-flex-column\" style=\"--awb-bg-size:cover;--awb-width-large:33.3333333333%;--awb-margin-top-large:0px;--awb-spacing-right-large:0%;--awb-margin-bottom-large:14px;--awb-spacing-left-large:20.16%;--awb-width-medium:100%;--awb-order-medium:0;--awb-spacing-right-medium:1.92%;--awb-spacing-left-medium:1.92%;--awb-width-small:100%;--awb-order-small:0;--awb-spacing-right-small:1.92%;--awb-spacing-left-small:1.92%;\"><div class=\"fusion-column-wrapper fusion-column-has-shadow fusion-flex-justify-content-flex-start fusion-content-layout-column\"><div class=\"fusion-text fusion-text-4\"><p>En choisissant nos services d&#8217;entretien, vous pouvez \u00eatre s\u00fbr que votre syst\u00e8me HVAC fonctionnera de mani\u00e8re optimale, ce qui se traduit par des factures d&#8217;\u00e9nergie plus faibles et une dur\u00e9e de vie plus longue de votre \u00e9quipement. Notre \u00e9quipe est d\u00e9di\u00e9e \u00e0 vous fournir le meilleur service possible et \u00e0 garantir que votre syst\u00e8me CVC fonctionne de mani\u00e8re efficace et efficace. Nos techniciens sont \u00e9galement form\u00e9s pour identifier tout probl\u00e8me potentiel et offrir des solutions appropri\u00e9es avant qu&#8217;ils ne deviennent des probl\u00e8mes majeurs.<\/p>\n<p>N&#8217;attendez pas qu&#8217;il soit trop tard. Contactez-nous d\u00e8s aujourd&#8217;hui au <strong>514-917-6441<\/strong> pour planifier votre rendez-vous d&#8217;entretien HVAC et profitez de la tranquillit\u00e9 d&#8217;esprit qui vient avec le fait de savoir que votre syst\u00e8me est entre de bonnes mains. Nous sommes impatients de vous servir!<\/p>\n<\/div><\/div><\/div><div class=\"fusion-layout-column fusion_builder_column fusion-builder-column-6 fusion_builder_column_1_3 1_3 fusion-flex-column\" style=\"--awb-bg-size:cover;--awb-width-large:33.3333333333%;--awb-margin-top-large:23px;--awb-spacing-right-large:5.76%;--awb-margin-bottom-large:20px;--awb-spacing-left-large:6.336%;--awb-width-medium:100%;--awb-order-medium:0;--awb-spacing-right-medium:1.92%;--awb-spacing-left-medium:1.92%;--awb-width-small:100%;--awb-order-small:0;--awb-spacing-right-small:1.92%;--awb-spacing-left-small:1.92%;\"><div class=\"fusion-column-wrapper fusion-column-has-shadow fusion-flex-justify-content-flex-start fusion-content-layout-column\"><div class=\"fusion-image-element \" style=\"text-align:center;--awb-max-width:400px;--awb-caption-title-font-family:var(--h2_typography-font-family);--awb-caption-title-font-weight:var(--h2_typography-font-weight);--awb-caption-title-font-style:var(--h2_typography-font-style);--awb-caption-title-size:var(--h2_typography-font-size);--awb-caption-title-transform:var(--h2_typography-text-transform);--awb-caption-title-line-height:var(--h2_typography-line-height);--awb-caption-title-letter-spacing:var(--h2_typography-letter-spacing);\"><span class=\" fusion-imageframe imageframe-none imageframe-2 hover-type-none\"><img data-recalc-dims=\"1\" decoding=\"async\" width=\"1512\" height=\"1683\" title=\"Furnace filter water\" src=\"https:\/\/i0.wp.com\/www.entreprisebair.ca\/wp-content\/uploads\/2023\/03\/Furnace-filter-water-.jpg?resize=1512%2C1683&#038;ssl=1\" alt class=\"img-responsive wp-image-40401\" srcset=\"https:\/\/i0.wp.com\/www.entreprisebair.ca\/wp-content\/uploads\/2023\/03\/Furnace-filter-water-.jpg?resize=200%2C223&amp;ssl=1 200w, https:\/\/i0.wp.com\/www.entreprisebair.ca\/wp-content\/uploads\/2023\/03\/Furnace-filter-water-.jpg?resize=270%2C300&amp;ssl=1 270w, https:\/\/i0.wp.com\/www.entreprisebair.ca\/wp-content\/uploads\/2023\/03\/Furnace-filter-water-.jpg?resize=400%2C445&amp;ssl=1 400w, https:\/\/i0.wp.com\/www.entreprisebair.ca\/wp-content\/uploads\/2023\/03\/Furnace-filter-water-.jpg?resize=500%2C557&amp;ssl=1 500w, https:\/\/i0.wp.com\/www.entreprisebair.ca\/wp-content\/uploads\/2023\/03\/Furnace-filter-water-.jpg?resize=600%2C668&amp;ssl=1 600w, https:\/\/i0.wp.com\/www.entreprisebair.ca\/wp-content\/uploads\/2023\/03\/Furnace-filter-water-.jpg?resize=700%2C779&amp;ssl=1 700w, https:\/\/i0.wp.com\/www.entreprisebair.ca\/wp-content\/uploads\/2023\/03\/Furnace-filter-water-.jpg?resize=768%2C855&amp;ssl=1 768w, https:\/\/i0.wp.com\/www.entreprisebair.ca\/wp-content\/uploads\/2023\/03\/Furnace-filter-water-.jpg?resize=800%2C890&amp;ssl=1 800w, https:\/\/i0.wp.com\/www.entreprisebair.ca\/wp-content\/uploads\/2023\/03\/Furnace-filter-water-.jpg?resize=920%2C1024&amp;ssl=1 920w, https:\/\/i0.wp.com\/www.entreprisebair.ca\/wp-content\/uploads\/2023\/03\/Furnace-filter-water-.jpg?resize=1200%2C1336&amp;ssl=1 1200w, https:\/\/i0.wp.com\/www.entreprisebair.ca\/wp-content\/uploads\/2023\/03\/Furnace-filter-water-.jpg?resize=1380%2C1536&amp;ssl=1 1380w, https:\/\/i0.wp.com\/www.entreprisebair.ca\/wp-content\/uploads\/2023\/03\/Furnace-filter-water-.jpg?fit=1512%2C1683&amp;ssl=1 1512w\" sizes=\"(max-width: 1024px) 100vw, (max-width: 640px) 100vw, 600px\" \/><\/span><\/div><\/div><\/div><div class=\"fusion-layout-column fusion_builder_column fusion-builder-column-7 fusion_builder_column_1_3 1_3 fusion-flex-column\" style=\"--awb-bg-size:cover;--awb-width-large:33.3333333333%;--awb-margin-top-large:73px;--awb-spacing-right-large:5.76%;--awb-margin-bottom-large:15px;--awb-spacing-left-large:0.288%;--awb-width-medium:100%;--awb-order-medium:0;--awb-spacing-right-medium:1.92%;--awb-spacing-left-medium:1.92%;--awb-width-small:100%;--awb-order-small:0;--awb-spacing-right-small:1.92%;--awb-spacing-left-small:1.92%;\"><div class=\"fusion-column-wrapper fusion-column-has-shadow fusion-flex-justify-content-flex-start fusion-content-layout-column\"><div class=\"fusion-text fusion-text-5\"><h5>Pourquoi est-il important d&#8217;avoir un programme d&#8217;entretiens r\u00e9guliers?<\/h5>\n<p>Un programme d&#8217;entretiens r\u00e9guliers peut \u00e9viter des r\u00e9parations co\u00fbteuses. Par exemple, nous avons re\u00e7u un appel de service d&#8217;un de nos clients concernant un d\u00e9g\u00e2t d&#8217;eau majeur et apr\u00e8s une inspection approfondie par un de nos techniciens, il a \u00e9t\u00e9 constat\u00e9 que la fuite d&#8217;eau \u00e9tait caus\u00e9e par un filtre sale.<\/p>\n<p>Veuillez nous contacter au <strong>514-917-6441<\/strong> pour planifier vos rendez-vous d&#8217;entretien r\u00e9guliers afin d&#8217;\u00e9viter toute surprise.<\/p>\n<\/div><\/div><\/div><\/div><\/div><div class=\"fusion-fullwidth fullwidth-box fusion-builder-row-6 fusion-flex-container has-pattern-background has-mask-background nonhundred-percent-fullwidth non-hundred-percent-height-scrolling\" style=\"--awb-border-radius-top-left:0px;--awb-border-radius-top-right:0px;--awb-border-radius-bottom-right:0px;--awb-border-radius-bottom-left:0px;--awb-padding-top:0px;--awb-padding-bottom:0px;--awb-margin-top:0px;--awb-margin-bottom:0px;--awb-flex-wrap:wrap;\" ><div class=\"fusion-builder-row fusion-row fusion-flex-align-items-flex-start fusion-flex-content-wrap\" style=\"max-width:104%;margin-left: calc(-4% \/ 2 );margin-right: calc(-4% \/ 2 );\"><div class=\"fusion-layout-column fusion_builder_column fusion-builder-column-8 fusion_builder_column_1_1 1_1 fusion-flex-column\" style=\"--awb-bg-size:cover;--awb-width-large:100%;--awb-margin-top-large:0px;--awb-spacing-right-large:1.92%;--awb-margin-bottom-large:0px;--awb-spacing-left-large:1.92%;--awb-width-medium:100%;--awb-order-medium:0;--awb-spacing-right-medium:1.92%;--awb-spacing-left-medium:1.92%;--awb-width-small:100%;--awb-order-small:0;--awb-spacing-right-small:1.92%;--awb-spacing-left-small:1.92%;\"><div class=\"fusion-column-wrapper fusion-column-has-shadow fusion-flex-justify-content-flex-start fusion-content-layout-column\"><div class=\"fusion-section-separator section-separator horizon fusion-section-separator-1\" style=\"--awb-spacer-padding-top:17.3828125%;--awb-sep-font-size:0;--awb-sep-line-height:0;\"><div class=\"fusion-section-separator-svg fusion-section-separator-fullwidth\"><svg class=\"fusion-horizon-candy\" xmlns=\"http:\/\/www.w3.org\/2000\/svg\" version=\"1.1\" width=\"100%\" viewBox=\"0 -0.5 1024 178\" preserveAspectRatio=\"none\" fill=\"rgba(219,226,234,1)\"><path class=\"st0\" d=\"M1024 177.371H0V.219l507.699 133.939L1024 .219v177.152z\"\/>\n\t\t\t\t\t\t\t\t\t<path class=\"st1\" d=\"M1024 177.781H0V39.438l507.699 94.925L1024 39.438v138.343z\"\/>\n\t\t\t\t\t\t\t\t\t<path class=\"st2\" d=\"M1024 177.781H0v-67.892l507.699 24.474L1024 109.889v67.892z\"\/>\n\t\t\t\t\t\t\t\t\t<path class=\"st3\" d=\"M1024 177.781H0v-3.891l507.699-39.526L1024 173.889v3.892z\"\/>\n\t\t\t\t\t\t\t\t<\/svg><\/div><div class=\"fusion-section-separator-spacer fusion-section-separator-fullwidth\"><div class=\"fusion-section-separator-spacer-height\"><\/div><\/div><\/div><\/div><\/div><\/div><\/div><\/p>\n","protected":false},"excerpt":{"rendered":"","protected":false},"author":1,"featured_media":0,"parent":0,"menu_order":0,"comment_status":"closed","ping_status":"closed","template":"100-width.php","meta":{"nf_dc_page":"","om_disable_all_campaigns":false,"_exactmetrics_skip_tracking":false,"_exactmetrics_sitenote_active":false,"_exactmetrics_sitenote_note":"","_exactmetrics_sitenote_category":0,"jetpack_post_was_ever_published":false,"footnotes":""},"class_list":["post-40416","page","type-page","status-publish","hentry"],"yoast_head":"<!-- This site is optimized with the Yoast SEO plugin v27.4 - https:\/\/yoast.com\/product\/yoast-seo-wordpress\/ -->\n<title>Services d&#039;entretien et filtres - Entreprise B.Air<\/title>\n<meta name=\"robots\" content=\"index, follow, max-snippet:-1, max-image-preview:large, max-video-preview:-1\" \/>\n<link rel=\"canonical\" href=\"https:\/\/www.entreprisebair.ca\/fr\/entretien-et-filtres\/\" \/>\n<meta property=\"og:locale\" content=\"fr_FR\" \/>\n<meta property=\"og:type\" content=\"article\" \/>\n<meta property=\"og:title\" content=\"Services d&#039;entretien et filtres - Entreprise B.Air\" \/>\n<meta property=\"og:url\" content=\"https:\/\/www.entreprisebair.ca\/fr\/entretien-et-filtres\/\" \/>\n<meta property=\"og:site_name\" content=\"Entreprise B.Air\" \/>\n<meta property=\"article:publisher\" content=\"https:\/\/www.facebook.com\/b.air.enterprise\/\" \/>\n<meta property=\"article:modified_time\" content=\"2025-12-21T17:14:40+00:00\" \/>\n<meta name=\"twitter:card\" content=\"summary_large_image\" \/>\n<meta name=\"twitter:label1\" content=\"Dur\u00e9e de lecture estim\u00e9e\" \/>\n\t<meta name=\"twitter:data1\" content=\"4 minutes\" \/>\n<script type=\"application\/ld+json\" class=\"yoast-schema-graph\">{\"@context\":\"https:\\\/\\\/schema.org\",\"@graph\":[{\"@type\":\"WebPage\",\"@id\":\"https:\\\/\\\/www.entreprisebair.ca\\\/fr\\\/entretien-et-filtres\\\/\",\"url\":\"https:\\\/\\\/www.entreprisebair.ca\\\/fr\\\/entretien-et-filtres\\\/\",\"name\":\"Services d'entretien et filtres - Entreprise B.Air\",\"isPartOf\":{\"@id\":\"https:\\\/\\\/www.entreprisebair.ca\\\/fr\\\/#website\"},\"datePublished\":\"2023-03-17T19:39:13+00:00\",\"dateModified\":\"2025-12-21T17:14:40+00:00\",\"breadcrumb\":{\"@id\":\"https:\\\/\\\/www.entreprisebair.ca\\\/fr\\\/entretien-et-filtres\\\/#breadcrumb\"},\"inLanguage\":\"fr-FR\",\"potentialAction\":[{\"@type\":\"ReadAction\",\"target\":[\"https:\\\/\\\/www.entreprisebair.ca\\\/fr\\\/entretien-et-filtres\\\/\"]}]},{\"@type\":\"BreadcrumbList\",\"@id\":\"https:\\\/\\\/www.entreprisebair.ca\\\/fr\\\/entretien-et-filtres\\\/#breadcrumb\",\"itemListElement\":[{\"@type\":\"ListItem\",\"position\":1,\"name\":\"Home\",\"item\":\"https:\\\/\\\/www.entreprisebair.ca\\\/fr\\\/\"},{\"@type\":\"ListItem\",\"position\":2,\"name\":\"Services d&#8217;entretien et filtres\"}]},{\"@type\":\"WebSite\",\"@id\":\"https:\\\/\\\/www.entreprisebair.ca\\\/fr\\\/#website\",\"url\":\"https:\\\/\\\/www.entreprisebair.ca\\\/fr\\\/\",\"name\":\"https:\\\/\\\/www.entreprisebair.ca\\\/\",\"description\":\"Heating and Air Conditioning Systems in Montreal and West Island\",\"potentialAction\":[{\"@type\":\"SearchAction\",\"target\":{\"@type\":\"EntryPoint\",\"urlTemplate\":\"https:\\\/\\\/www.entreprisebair.ca\\\/fr\\\/?s={search_term_string}\"},\"query-input\":{\"@type\":\"PropertyValueSpecification\",\"valueRequired\":true,\"valueName\":\"search_term_string\"}}],\"inLanguage\":\"fr-FR\"}]}<\/script>\n<!-- \/ Yoast SEO plugin. -->","yoast_head_json":{"title":"Services d'entretien et filtres - Entreprise B.Air","robots":{"index":"index","follow":"follow","max-snippet":"max-snippet:-1","max-image-preview":"max-image-preview:large","max-video-preview":"max-video-preview:-1"},"canonical":"https:\/\/www.entreprisebair.ca\/fr\/entretien-et-filtres\/","og_locale":"fr_FR","og_type":"article","og_title":"Services d'entretien et filtres - Entreprise B.Air","og_url":"https:\/\/www.entreprisebair.ca\/fr\/entretien-et-filtres\/","og_site_name":"Entreprise B.Air","article_publisher":"https:\/\/www.facebook.com\/b.air.enterprise\/","article_modified_time":"2025-12-21T17:14:40+00:00","twitter_card":"summary_large_image","twitter_misc":{"Dur\u00e9e de lecture estim\u00e9e":"4 minutes"},"schema":{"@context":"https:\/\/schema.org","@graph":[{"@type":"WebPage","@id":"https:\/\/www.entreprisebair.ca\/fr\/entretien-et-filtres\/","url":"https:\/\/www.entreprisebair.ca\/fr\/entretien-et-filtres\/","name":"Services d'entretien et filtres - Entreprise B.Air","isPartOf":{"@id":"https:\/\/www.entreprisebair.ca\/fr\/#website"},"datePublished":"2023-03-17T19:39:13+00:00","dateModified":"2025-12-21T17:14:40+00:00","breadcrumb":{"@id":"https:\/\/www.entreprisebair.ca\/fr\/entretien-et-filtres\/#breadcrumb"},"inLanguage":"fr-FR","potentialAction":[{"@type":"ReadAction","target":["https:\/\/www.entreprisebair.ca\/fr\/entretien-et-filtres\/"]}]},{"@type":"BreadcrumbList","@id":"https:\/\/www.entreprisebair.ca\/fr\/entretien-et-filtres\/#breadcrumb","itemListElement":[{"@type":"ListItem","position":1,"name":"Home","item":"https:\/\/www.entreprisebair.ca\/fr\/"},{"@type":"ListItem","position":2,"name":"Services d&#8217;entretien et filtres"}]},{"@type":"WebSite","@id":"https:\/\/www.entreprisebair.ca\/fr\/#website","url":"https:\/\/www.entreprisebair.ca\/fr\/","name":"https:\/\/www.entreprisebair.ca\/","description":"Heating and Air Conditioning Systems in Montreal and West Island","potentialAction":[{"@type":"SearchAction","target":{"@type":"EntryPoint","urlTemplate":"https:\/\/www.entreprisebair.ca\/fr\/?s={search_term_string}"},"query-input":{"@type":"PropertyValueSpecification","valueRequired":true,"valueName":"search_term_string"}}],"inLanguage":"fr-FR"}]}},"jetpack_sharing_enabled":true,"jetpack_shortlink":"https:\/\/wp.me\/P9Ml0Z-avS","_links":{"self":[{"href":"https:\/\/www.entreprisebair.ca\/fr\/wp-json\/wp\/v2\/pages\/40416","targetHints":{"allow":["GET"]}}],"collection":[{"href":"https:\/\/www.entreprisebair.ca\/fr\/wp-json\/wp\/v2\/pages"}],"about":[{"href":"https:\/\/www.entreprisebair.ca\/fr\/wp-json\/wp\/v2\/types\/page"}],"author":[{"embeddable":true,"href":"https:\/\/www.entreprisebair.ca\/fr\/wp-json\/wp\/v2\/users\/1"}],"replies":[{"embeddable":true,"href":"https:\/\/www.entreprisebair.ca\/fr\/wp-json\/wp\/v2\/comments?post=40416"}],"version-history":[{"count":5,"href":"https:\/\/www.entreprisebair.ca\/fr\/wp-json\/wp\/v2\/pages\/40416\/revisions"}],"predecessor-version":[{"id":177119,"href":"https:\/\/www.entreprisebair.ca\/fr\/wp-json\/wp\/v2\/pages\/40416\/revisions\/177119"}],"wp:attachment":[{"href":"https:\/\/www.entreprisebair.ca\/fr\/wp-json\/wp\/v2\/media?parent=40416"}],"curies":[{"name":"wp","href":"https:\/\/api.w.org\/{rel}","templated":true}]}}