{"id":1732,"date":"2018-03-26T07:14:53","date_gmt":"2018-03-26T07:14:53","guid":{"rendered":"http:\/\/montrealfurnacefilters.com\/contact-us\/"},"modified":"2023-04-12T17:46:33","modified_gmt":"2023-04-12T17:46:33","slug":"nous-joindre","status":"publish","type":"page","link":"https:\/\/www.entreprisebair.ca\/fr\/nous-joindre\/","title":{"rendered":"Nous Joindres"},"content":{"rendered":"<p><div class=\"fusion-fullwidth fullwidth-box fusion-builder-row-1 hundred-percent-fullwidth non-hundred-percent-height-scrolling contact-wrapper\" style=\"--awb-border-radius-top-left:0px;--awb-border-radius-top-right:0px;--awb-border-radius-bottom-right:0px;--awb-border-radius-bottom-left:0px;--awb-padding-top:0px;--awb-padding-right:0px;--awb-padding-bottom:0px;--awb-padding-left:0px;--awb-margin-top:0px;--awb-background-color:#ffffff;--awb-flex-wrap:wrap;\" ><div class=\"fusion-builder-row fusion-row\"><div class=\"fusion-layout-column fusion_builder_column fusion-builder-column-0 fusion_builder_column_1_2 1_2 fusion-one-half fusion-column-first contact-box-left\" style=\"--awb-padding-top:100px;--awb-padding-right:15%;--awb-padding-bottom:100px;--awb-padding-left:15%;--awb-bg-color:#ffffff;--awb-bg-color-hover:#ffffff;--awb-bg-size:cover;width:50%;width:calc(50% - ( ( 4% ) * 0.5 ) );margin-right: 4%;\"><div class=\"fusion-column-wrapper fusion-flex-column-wrapper-legacy\"><div class=\"fusion-text fusion-text-1\"><h2 class=\"headline\">Entreprise B.Air<\/h2>\n<h4>Sp\u00e9cialiste \u00e0 Montreal, Ouest de l&#8217;Ile et Laval<\/h4>\n<\/div><div class=\"fusion-sep-clear\"><\/div><div class=\"fusion-separator fusion-full-width-sep\" style=\"margin-left: auto;margin-right: auto;margin-top:10px;width:100%;\"><\/div><div class=\"fusion-sep-clear\"><\/div><div class=\"fusion-text fusion-text-2\"><p>Notre \u00e9quipe qualifi\u00e9e peut installer, maintenir et r\u00e9parer tous vos syst\u00e8mes \u00e0 un prix comp\u00e9titif. Nous sommes disponible du lundi au vendredi de 9h00 \u00e0 17h00!<\/p>\n<p>Appelez nous pour prendre un rendez-vous avec un de nos techniciens \u00a0pour un estim\u00e9 gratuit.<\/p>\n<\/div><div class=\"fusion-sep-clear\"><\/div><div class=\"fusion-separator fusion-full-width-sep\" style=\"margin-left: auto;margin-right: auto;margin-top:10px;width:100%;\"><\/div><div class=\"fusion-sep-clear\"><\/div><div class=\"fusion-content-boxes content-boxes columns row fusion-columns-1 fusion-columns-total-4 fusion-content-boxes-1 content-boxes-icon-on-side content-left fusion-delayed-animation\" style=\"--awb-margin-top:30px;--awb-margin-bottom:20px;--awb-hover-accent-color:#d6d6d6;--awb-circle-hover-accent-color:#d6d6d6;--awb-item-margin-bottom:40px;\" data-animation-delay=\"350\" data-animationOffset=\"top-into-view\"><div style=\"--awb-backgroundcolor:rgba(255,255,255,0);--awb-content-padding-left:72px;\" class=\"fusion-column content-box-column content-box-column content-box-column-1 col-lg-12 col-md-12 col-sm-12 fusion-content-box-hover content-box-column-last-in-row\"><div class=\"col content-box-wrapper content-wrapper link-area-link-icon link-type-text content-icon-wrapper-yes icon-wrapper-hover-animation-pulsate fusion-animated\" data-animationType=\"fadeInLeft\" data-animationDuration=\"0.7\" data-animationOffset=\"top-into-view\"><div class=\"heading heading-with-icon icon-left\"><a class=\"heading-link\" href=\"tel:\/\/4388896441\" target=\"_self\"><div class=\"icon\" style=\"-webkit-animation-duration: 350ms;animation-duration: 350ms;\"><span style=\"height:50px;width:50px;line-height:26px;border-color:#35baf2;border-width:1px;border-style:solid;background-color:#ffffff;margin-right:20px;box-sizing:content-box;border-radius:50%;\"><i style=\"border-color:#ffffff;border-width:1px;background-color:#ffffff;box-sizing:content-box;height:48px;width:48px;line-height:48px;border-radius:50%;position:relative;top:auto;left:auto;margin:0;border-radius:50%;font-size:24px;\" aria-hidden=\"true\" class=\"fontawesome-icon fa-phone fas circle-yes\"><\/i><\/span><\/div><h2 class=\"content-box-heading fusion-responsive-typography-calculated\" style=\"--h2_typography-font-size:30px;--fontSize:30;line-height:1.2;padding-left:72px;\">(514) 917-6441<\/h2><\/a><\/div><\/div><\/div><div style=\"--awb-backgroundcolor:rgba(255,255,255,0);--awb-content-padding-left:72px;\" class=\"fusion-column content-box-column content-box-column content-box-column-2 col-lg-12 col-md-12 col-sm-12 fusion-content-box-hover content-box-column-last-in-row\"><div class=\"col content-box-wrapper content-wrapper link-area-link-icon link-type-text content-icon-wrapper-yes icon-wrapper-hover-animation-pulsate fusion-animated\" data-animationType=\"fadeInLeft\" data-animationDuration=\"0.7\" data-animationOffset=\"top-into-view\"><div class=\"heading heading-with-icon icon-left\"><a class=\"heading-link\" href=\"mailto:info@climatisationamontreal.com\" target=\"_self\"><div class=\"icon\" style=\"-webkit-animation-duration: 350ms;animation-duration: 350ms;\"><span style=\"height:50px;width:50px;line-height:26px;border-color:#35baf2;border-width:1px;border-style:solid;background-color:#ffffff;margin-right:20px;box-sizing:content-box;border-radius:50%;\"><i style=\"border-color:#ffffff;border-width:1px;background-color:#ffffff;box-sizing:content-box;height:48px;width:48px;line-height:48px;border-radius:50%;position:relative;top:auto;left:auto;margin:0;border-radius:50%;font-size:24px;\" aria-hidden=\"true\" class=\"fontawesome-icon fa fa-envelope-o circle-yes\"><\/i><\/span><\/div><h2 class=\"content-box-heading fusion-responsive-typography-calculated\" style=\"--h2_typography-font-size:30px;--fontSize:30;line-height:1.2;padding-left:72px;\">Contactez nous par courriel<\/h2><\/a><\/div><\/div><\/div><div style=\"--awb-backgroundcolor:rgba(255,255,255,0);--awb-content-padding-left:72px;\" class=\"fusion-column content-box-column content-box-column content-box-column-3 col-lg-12 col-md-12 col-sm-12 fusion-content-box-hover content-box-column-last-in-row\"><div class=\"col content-box-wrapper content-wrapper link-area-link-icon link-type-text content-icon-wrapper-yes icon-wrapper-hover-animation-pulsate fusion-animated\" data-animationType=\"fadeInLeft\" data-animationDuration=\"0.7\" data-animationOffset=\"top-into-view\"><div class=\"heading heading-with-icon icon-left\"><a class=\"heading-link\" href=\"https:\/\/www.facebook.com\/b.air.enterprise\/timeline\" target=\"_blank\" rel=\"noopener noreferrer\"><div class=\"icon\" style=\"-webkit-animation-duration: 350ms;animation-duration: 350ms;\"><span style=\"height:50px;width:50px;line-height:26px;border-color:#35baf2;border-width:1px;border-style:solid;background-color:#ffffff;margin-right:20px;box-sizing:content-box;border-radius:50%;\"><i style=\"border-color:#ffffff;border-width:1px;background-color:#ffffff;box-sizing:content-box;height:48px;width:48px;line-height:48px;border-radius:50%;position:relative;top:auto;left:auto;margin:0;border-radius:50%;font-size:24px;\" aria-hidden=\"true\" class=\"fontawesome-icon fa fa-facebook circle-yes\"><\/i><\/span><\/div><h2 class=\"content-box-heading fusion-responsive-typography-calculated\" style=\"--h2_typography-font-size:30px;--fontSize:30;line-height:1.2;padding-left:72px;\">Visitez nous sur Facebook<\/h2><\/a><\/div><\/div><\/div><div style=\"--awb-backgroundcolor:rgba(255,255,255,0);--awb-content-padding-left:72px;\" class=\"fusion-column content-box-column content-box-column content-box-column-4 col-lg-12 col-md-12 col-sm-12 fusion-content-box-hover content-box-column-last content-box-column-last-in-row\"><div class=\"col content-box-wrapper content-wrapper link-area-link-icon content-icon-wrapper-yes icon-wrapper-hover-animation-pulsate fusion-animated\" data-animationType=\"fadeInLeft\" data-animationDuration=\"0.7\" data-animationOffset=\"top-into-view\"><div class=\"heading heading-with-icon icon-left\"><div class=\"icon\" style=\"-webkit-animation-duration: 350ms;animation-duration: 350ms;\"><span style=\"height:50px;width:50px;line-height:26px;border-color:#35baf2;border-width:1px;border-style:solid;background-color:#ffffff;margin-right:20px;box-sizing:content-box;border-radius:50%;\"><i style=\"border-color:#ffffff;border-width:1px;background-color:#ffffff;box-sizing:content-box;height:48px;width:48px;line-height:48px;border-radius:50%;position:relative;top:auto;left:auto;margin:0;border-radius:50%;font-size:24px;\" aria-hidden=\"true\" class=\"fontawesome-icon fa-clock far circle-yes\"><\/i><\/span><\/div><h2 class=\"content-box-heading fusion-responsive-typography-calculated\" style=\"--h2_typography-font-size:30px;--fontSize:30;line-height:1.2;padding-left:72px;\"> Heures d'ouvertures<\/h2><\/div><div class=\"fusion-clearfix\"><\/div><div class=\"content-container\">\n<p>Du lundi au vendredi: 9h00 \u00e0 17h00<\/p>\n<\/div><\/div><\/div><div class=\"fusion-clearfix\"><\/div><\/div>\n<div class=\"fusion-clearfix\"><\/div><\/div><\/div><div class=\"fusion-layout-column fusion_builder_column fusion-builder-column-1 fusion_builder_column_1_2 1_2 fusion-one-half fusion-column-last\" style=\"--awb-padding-top:100px;--awb-padding-right:15%;--awb-padding-bottom:100px;--awb-padding-left:15%;--awb-bg-color:#8dd2ef;--awb-bg-color-hover:#8dd2ef;--awb-bg-size:cover;--awb-margin-top:0px;--awb-margin-bottom:0px;width:50%;width:calc(50% - ( ( 4% ) * 0.5 ) );\"><div class=\"fusion-column-wrapper fusion-flex-column-wrapper-legacy\"><div class=\"fusion-text fusion-text-3\"><h2>Contactez nous<\/h2>\n<\/div><div class=\"fusion-text fusion-text-4\"><p>Vous avez besoin d&#8217;une opinion au sujet de votre syst\u00e8me de chauffage, ventilation ou air climatis\u00e9?<br \/>\nVous avez des questions au sujet de votre commande de filtre?<br \/>\nRemplissez le formulaire sur cette page et nous vous r\u00e9pondrons le plus t\u00f4t possible.<\/p>\n<\/div><div class=\"fusion-sep-clear\"><\/div><div class=\"fusion-separator fusion-full-width-sep\" style=\"margin-left: auto;margin-right: auto;margin-top:30px;width:100%;\"><\/div><div class=\"fusion-sep-clear\"><\/div>[contact-form-7 id=\"1954\" title=\"French Contact Form\"]<div class=\"fusion-clearfix\"><\/div><\/div><\/div><\/div><\/div><div class=\"fusion-bg-parallax\" data-bg-align=\"center center\" data-direction=\"up\" data-mute=\"false\" data-opacity=\"100\" data-velocity=\"-0.3\" data-mobile-enabled=\"false\" data-break_parents=\"0\" data-bg-image=\"https:\/\/www.montrealfurnacefilters.com\/wp-content\/uploads\/2018\/03\/orange_large_bg-150x150.png\" data-bg-repeat=\"false\" ><\/div><div class=\"fusion-fullwidth fullwidth-box fusion-builder-row-2 fusion-parallax-up nonhundred-percent-fullwidth non-hundred-percent-height-scrolling\" style=\"--awb-border-radius-top-left:0px;--awb-border-radius-top-right:0px;--awb-border-radius-bottom-right:0px;--awb-border-radius-bottom-left:0px;--awb-padding-top:120px;--awb-padding-bottom:120px;--awb-background-color:rgba(255,193,7,0);--awb-background-image:url(&quot;https:\/\/www.montrealfurnacefilters.com\/wp-content\/uploads\/2018\/03\/orange_large_bg-150x150.png&quot;);--awb-background-size:cover;--awb-flex-wrap:wrap;\" ><div class=\"fusion-builder-row fusion-row\"><div class=\"fusion-layout-column fusion_builder_column fusion-builder-column-2 fusion_builder_column_1_1 1_1 fusion-one-full fusion-column-first fusion-column-last\" style=\"--awb-bg-size:cover;\"><div class=\"fusion-column-wrapper fusion-flex-column-wrapper-legacy\"><div class=\"fusion-text fusion-text-5\"><h2 style=\"text-align: center; font-size: 45px; color: #072855;\">Nous vous donnerons un estim\u00e9 gratuit!<\/h2>\n<\/div><div class=\"fusion-text fusion-text-6\"><p style=\"text-align: center; font-size: 20px; line-height: 40px;\">Nous avons nos licences de la RBQ et CCQ et fournissons une garantie d&#8217;un an sur la main-d&#8217;oeuvre, en plus de la garantie du manufacturier comprises avec tous nos syst\u00e8mes.<\/p>\n<\/div><div class=\"fusion-button-wrapper fusion-aligncenter\"><a class=\"fusion-button button-flat button-xlarge button-default fusion-button-default button-1 fusion-button-default-span fusion-button-default-type\" target=\"_self _self\" rel=\"nofollow\" href=\"tel:\/\/4388896441\"><span class=\"fusion-button-text awb-button__text awb-button__text--default\">APPELEZ NOUS D\u00c8S MAINTENANT!<\/span><\/a><\/div><div class=\"fusion-clearfix\"><\/div><\/div><\/div><\/div><\/div><div class=\"fusion-fullwidth fullwidth-box fusion-builder-row-3 nonhundred-percent-fullwidth non-hundred-percent-height-scrolling\" style=\"--awb-border-radius-top-left:0px;--awb-border-radius-top-right:0px;--awb-border-radius-bottom-right:0px;--awb-border-radius-bottom-left:0px;--awb-flex-wrap:wrap;\" ><div class=\"fusion-builder-row fusion-row\"><div class=\"fusion-layout-column fusion_builder_column fusion-builder-column-3 fusion_builder_column_1_1 1_1 fusion-one-full fusion-column-first fusion-column-last\" style=\"--awb-bg-size:cover;--awb-margin-top:0px;--awb-margin-bottom:0px;\"><div class=\"fusion-column-wrapper fusion-flex-column-wrapper-legacy\"><div class=\"fusion-text fusion-text-7\"><\/div><div class=\"fusion-clearfix\"><\/div><\/div><\/div><\/div><\/div><\/p>\n","protected":false},"excerpt":{"rendered":"","protected":false},"author":1,"featured_media":0,"parent":0,"menu_order":0,"comment_status":"closed","ping_status":"closed","template":"100-width.php","meta":{"nf_dc_page":"","om_disable_all_campaigns":false,"_exactmetrics_skip_tracking":false,"_exactmetrics_sitenote_active":false,"_exactmetrics_sitenote_note":"","_exactmetrics_sitenote_category":0,"jetpack_post_was_ever_published":false,"footnotes":""},"class_list":["post-1732","page","type-page","status-publish","hentry"],"yoast_head":"<!-- This site is optimized with the Yoast SEO plugin v27.4 - https:\/\/yoast.com\/product\/yoast-seo-wordpress\/ -->\n<title>Nous Joindres - Entreprise B.Air<\/title>\n<meta name=\"robots\" content=\"index, follow, max-snippet:-1, max-image-preview:large, max-video-preview:-1\" \/>\n<link rel=\"canonical\" href=\"https:\/\/www.entreprisebair.ca\/fr\/nous-joindre\/\" \/>\n<meta property=\"og:locale\" content=\"fr_FR\" \/>\n<meta property=\"og:type\" content=\"article\" \/>\n<meta property=\"og:title\" content=\"Nous Joindres - Entreprise B.Air\" \/>\n<meta property=\"og:url\" content=\"https:\/\/www.entreprisebair.ca\/fr\/nous-joindre\/\" \/>\n<meta property=\"og:site_name\" content=\"Entreprise B.Air\" \/>\n<meta property=\"article:publisher\" content=\"https:\/\/www.facebook.com\/b.air.enterprise\/\" \/>\n<meta property=\"article:modified_time\" content=\"2023-04-12T17:46:33+00:00\" \/>\n<meta name=\"twitter:card\" content=\"summary_large_image\" \/>\n<meta name=\"twitter:label1\" content=\"Dur\u00e9e de lecture estim\u00e9e\" \/>\n\t<meta name=\"twitter:data1\" content=\"4 minutes\" \/>\n<script type=\"application\/ld+json\" class=\"yoast-schema-graph\">{\"@context\":\"https:\\\/\\\/schema.org\",\"@graph\":[{\"@type\":\"WebPage\",\"@id\":\"https:\\\/\\\/www.entreprisebair.ca\\\/fr\\\/nous-joindre\\\/\",\"url\":\"https:\\\/\\\/www.entreprisebair.ca\\\/fr\\\/nous-joindre\\\/\",\"name\":\"Nous Joindres - Entreprise B.Air\",\"isPartOf\":{\"@id\":\"https:\\\/\\\/www.entreprisebair.ca\\\/fr\\\/#website\"},\"datePublished\":\"2018-03-26T07:14:53+00:00\",\"dateModified\":\"2023-04-12T17:46:33+00:00\",\"breadcrumb\":{\"@id\":\"https:\\\/\\\/www.entreprisebair.ca\\\/fr\\\/nous-joindre\\\/#breadcrumb\"},\"inLanguage\":\"fr-FR\",\"potentialAction\":[{\"@type\":\"ReadAction\",\"target\":[\"https:\\\/\\\/www.entreprisebair.ca\\\/fr\\\/nous-joindre\\\/\"]}]},{\"@type\":\"BreadcrumbList\",\"@id\":\"https:\\\/\\\/www.entreprisebair.ca\\\/fr\\\/nous-joindre\\\/#breadcrumb\",\"itemListElement\":[{\"@type\":\"ListItem\",\"position\":1,\"name\":\"Home\",\"item\":\"https:\\\/\\\/www.entreprisebair.ca\\\/fr\\\/\"},{\"@type\":\"ListItem\",\"position\":2,\"name\":\"Nous Joindres\"}]},{\"@type\":\"WebSite\",\"@id\":\"https:\\\/\\\/www.entreprisebair.ca\\\/fr\\\/#website\",\"url\":\"https:\\\/\\\/www.entreprisebair.ca\\\/fr\\\/\",\"name\":\"https:\\\/\\\/www.entreprisebair.ca\\\/\",\"description\":\"Heating and Air Conditioning Systems in Montreal and West Island\",\"potentialAction\":[{\"@type\":\"SearchAction\",\"target\":{\"@type\":\"EntryPoint\",\"urlTemplate\":\"https:\\\/\\\/www.entreprisebair.ca\\\/fr\\\/?s={search_term_string}\"},\"query-input\":{\"@type\":\"PropertyValueSpecification\",\"valueRequired\":true,\"valueName\":\"search_term_string\"}}],\"inLanguage\":\"fr-FR\"}]}<\/script>\n<!-- \/ Yoast SEO plugin. -->","yoast_head_json":{"title":"Nous Joindres - Entreprise B.Air","robots":{"index":"index","follow":"follow","max-snippet":"max-snippet:-1","max-image-preview":"max-image-preview:large","max-video-preview":"max-video-preview:-1"},"canonical":"https:\/\/www.entreprisebair.ca\/fr\/nous-joindre\/","og_locale":"fr_FR","og_type":"article","og_title":"Nous Joindres - Entreprise B.Air","og_url":"https:\/\/www.entreprisebair.ca\/fr\/nous-joindre\/","og_site_name":"Entreprise B.Air","article_publisher":"https:\/\/www.facebook.com\/b.air.enterprise\/","article_modified_time":"2023-04-12T17:46:33+00:00","twitter_card":"summary_large_image","twitter_misc":{"Dur\u00e9e de lecture estim\u00e9e":"4 minutes"},"schema":{"@context":"https:\/\/schema.org","@graph":[{"@type":"WebPage","@id":"https:\/\/www.entreprisebair.ca\/fr\/nous-joindre\/","url":"https:\/\/www.entreprisebair.ca\/fr\/nous-joindre\/","name":"Nous Joindres - Entreprise B.Air","isPartOf":{"@id":"https:\/\/www.entreprisebair.ca\/fr\/#website"},"datePublished":"2018-03-26T07:14:53+00:00","dateModified":"2023-04-12T17:46:33+00:00","breadcrumb":{"@id":"https:\/\/www.entreprisebair.ca\/fr\/nous-joindre\/#breadcrumb"},"inLanguage":"fr-FR","potentialAction":[{"@type":"ReadAction","target":["https:\/\/www.entreprisebair.ca\/fr\/nous-joindre\/"]}]},{"@type":"BreadcrumbList","@id":"https:\/\/www.entreprisebair.ca\/fr\/nous-joindre\/#breadcrumb","itemListElement":[{"@type":"ListItem","position":1,"name":"Home","item":"https:\/\/www.entreprisebair.ca\/fr\/"},{"@type":"ListItem","position":2,"name":"Nous Joindres"}]},{"@type":"WebSite","@id":"https:\/\/www.entreprisebair.ca\/fr\/#website","url":"https:\/\/www.entreprisebair.ca\/fr\/","name":"https:\/\/www.entreprisebair.ca\/","description":"Heating and Air Conditioning Systems in Montreal and West Island","potentialAction":[{"@type":"SearchAction","target":{"@type":"EntryPoint","urlTemplate":"https:\/\/www.entreprisebair.ca\/fr\/?s={search_term_string}"},"query-input":{"@type":"PropertyValueSpecification","valueRequired":true,"valueName":"search_term_string"}}],"inLanguage":"fr-FR"}]}},"jetpack_sharing_enabled":true,"jetpack_shortlink":"https:\/\/wp.me\/P9Ml0Z-rW","_links":{"self":[{"href":"https:\/\/www.entreprisebair.ca\/fr\/wp-json\/wp\/v2\/pages\/1732","targetHints":{"allow":["GET"]}}],"collection":[{"href":"https:\/\/www.entreprisebair.ca\/fr\/wp-json\/wp\/v2\/pages"}],"about":[{"href":"https:\/\/www.entreprisebair.ca\/fr\/wp-json\/wp\/v2\/types\/page"}],"author":[{"embeddable":true,"href":"https:\/\/www.entreprisebair.ca\/fr\/wp-json\/wp\/v2\/users\/1"}],"replies":[{"embeddable":true,"href":"https:\/\/www.entreprisebair.ca\/fr\/wp-json\/wp\/v2\/comments?post=1732"}],"version-history":[{"count":17,"href":"https:\/\/www.entreprisebair.ca\/fr\/wp-json\/wp\/v2\/pages\/1732\/revisions"}],"predecessor-version":[{"id":42975,"href":"https:\/\/www.entreprisebair.ca\/fr\/wp-json\/wp\/v2\/pages\/1732\/revisions\/42975"}],"wp:attachment":[{"href":"https:\/\/www.entreprisebair.ca\/fr\/wp-json\/wp\/v2\/media?parent=1732"}],"curies":[{"name":"wp","href":"https:\/\/api.w.org\/{rel}","templated":true}]}}